{"id":3418,"date":"2024-09-12T12:01:03","date_gmt":"2024-09-12T12:01:03","guid":{"rendered":"https:\/\/genevaboats.com\/?page_id=3418"},"modified":"2025-10-13T13:37:11","modified_gmt":"2025-10-13T13:37:11","slug":"home","status":"publish","type":"page","link":"https:\/\/genevaboats.com\/de\/","title":{"rendered":"Homepage"},"content":{"rendered":"<p>Genevaboats bietet eine gro\u00dfe Auswahl an Booten mit oder ohne Pilot\/Skipper zur Miete an. Wir f\u00fchren viele Bootsmarken zum Verkauf, mit oder ohne Liegeplatz, darunter Alen Yacht, Azimut, Beneteau, Cobalt, Grand Soleil Yacht, Malibu, Pardo, Princess, Riva, Saxdor and Wally.<\/p>\n<p>Rufen Sie uns das ganze Jahr \u00fcber an und reservieren Sie ein Boot zum Sonnenbaden, Schwimmen, Angeln, Wasserskifahren, Wakeboarden, Tubing, Segeln oder f\u00fcr eine wundersch\u00f6ne Seerundfahrt. Ob gesch\u00e4ftlich, f\u00fcr Flitterwochen, Romantik, Junggesellen- oder Junggesellinnenabschiede oder einfach nur f\u00fcr Freunde und Familie, einschlie\u00dflich Afterwork-Kreuzfahrten, von Sonnenaufgang bis Mondschein.<\/p>\n<p>Wir nehmen Sie und Ihre G\u00e4ste mit an Bord auf einem unserer komfortablen und sicheren Boote zu jedem Ort zwischen Genf, Lausanne oder Montreux auf der rechten oder linken Seite des Genfersees.<\/p>\n<p>Kinder und Jugendliche sind herzlich willkommen.<\/p>\n<p>Alle Bootsvermietungen k\u00f6nnen mit Mittag- oder Abendessen in einem der Seerestaurants an den Schweizer oder franz\u00f6sischen K\u00fcsten kombiniert werden.<\/p>\n<p>Essen, Getr\u00e4nke oder Picknickk\u00f6rbe k\u00f6nnen ebenfalls an Bord geliefert werden. F\u00fcr Kindergeburtstage k\u00f6nnen wir auf Wunsch Kinderbetreuung, Clowns und Entertainer sowie musikalische Begleitung f\u00fcr die ganze Familie bereitstellen.<\/p>\n<p>Unser Angebot umfasst eine gro\u00dfe Auswahl an Booten und Yachten f\u00fcr bis zu 100 Passagiere. Zwei Kinder bis zw\u00f6lf Jahre z\u00e4hlen hierbei als ein Erwachsener.<\/p>\n<p>Wir stellen die gesamte Sport- und Angelausr\u00fcstung ohne zus\u00e4tzliche Kosten zur Verf\u00fcgung. Alle unsere Preise gelten pro Boot, unabh\u00e4ngig von der Anzahl der Passagiere und einschlie\u00dflich Mehrwertsteuer.<\/p>\n<p>Die meisten Standardpreise beinhalten Steuern, Treibstoff, alkoholfreie Getr\u00e4nke, Pilot\/Skipper, Wassersporttrainer, Angelguide und Steward oder Stewardess (falls erforderlich auf den gro\u00dfen Jachten).<\/p>\n","protected":false},"excerpt":{"rendered":"<p>Genevaboats bietet eine gro\u00dfe Auswahl an Booten mit oder ohne Pilot\/Skipper zur Miete an. Wir f\u00fchren viele Bootsmarken zum Verkauf, mit oder ohne Liegeplatz, darunter Alen Yacht, Azimut, Beneteau, Cobalt, Grand Soleil Yacht, Malibu, Pardo, Princess, Riva, Saxdor and Wally. Rufen Sie uns das ganze Jahr \u00fcber an und reservieren Sie ein Boot zum Sonnenbaden, [&hellip;]<\/p>\n","protected":false},"author":1,"featured_media":0,"parent":0,"menu_order":33,"comment_status":"closed","ping_status":"closed","template":"template-t-home.php","meta":{"_acf_changed":false,"footnotes":""},"class_list":["post-3418","page","type-page","status-publish","hentry"],"acf":[],"yoast_head":"<!-- This site is optimized with the Yoast SEO plugin v26.1.1 - https:\/\/yoast.com\/wordpress\/plugins\/seo\/ -->\n<title>Bootsverleih &amp; Verkauf | Genevaboats | Genevaweg<\/title>\n<meta name=\"description\" content=\"Boats and yachts for rent or charter on Lake Geneva. Departure from Geneva, Lausanne or Montreux. Large choice of motorboats, sailing boats and yachts for sale.\" \/>\n<meta name=\"robots\" content=\"index, follow, max-snippet:-1, max-image-preview:large, max-video-preview:-1\" \/>\n<link rel=\"canonical\" href=\"https:\/\/genevaboats.com\/de\/\" \/>\n<meta property=\"og:locale\" content=\"de_DE\" \/>\n<meta property=\"og:type\" content=\"article\" \/>\n<meta property=\"og:title\" content=\"Bootsverleih &amp; Verkauf | Genevaboats | Genevaweg\" \/>\n<meta property=\"og:description\" content=\"Boats and yachts for rent or charter on Lake Geneva. Departure from Geneva, Lausanne or Montreux. Large choice of motorboats, sailing boats and yachts for sale.\" \/>\n<meta property=\"og:url\" content=\"https:\/\/genevaboats.com\/de\/\" \/>\n<meta property=\"og:site_name\" content=\"genevaboats\" \/>\n<meta property=\"article:publisher\" content=\"https:\/\/www.facebook.com\/genevaboats\" \/>\n<meta property=\"article:modified_time\" content=\"2025-10-13T13:37:11+00:00\" \/>\n<meta name=\"twitter:card\" content=\"summary_large_image\" \/>\n<meta name=\"twitter:label1\" content=\"Est. reading time\" \/>\n\t<meta name=\"twitter:data1\" content=\"2 minutes\" \/>\n<script type=\"application\/ld+json\" class=\"yoast-schema-graph\">{\"@context\":\"https:\/\/schema.org\",\"@graph\":[{\"@type\":\"WebPage\",\"@id\":\"https:\/\/genevaboats.com\/de\/\",\"url\":\"https:\/\/genevaboats.com\/de\/\",\"name\":\"Bootsverleih & Verkauf | Genevaboats | Genevaweg\",\"isPartOf\":{\"@id\":\"https:\/\/genevaboats.com\/de\/#website\"},\"datePublished\":\"2024-09-12T12:01:03+00:00\",\"dateModified\":\"2025-10-13T13:37:11+00:00\",\"description\":\"Boats and yachts for rent or charter on Lake Geneva. Departure from Geneva, Lausanne or Montreux. Large choice of motorboats, sailing boats and yachts for sale.\",\"breadcrumb\":{\"@id\":\"https:\/\/genevaboats.com\/de\/#breadcrumb\"},\"inLanguage\":\"de-DE\",\"potentialAction\":[{\"@type\":\"ReadAction\",\"target\":[\"https:\/\/genevaboats.com\/de\/\"]}]},{\"@type\":\"BreadcrumbList\",\"@id\":\"https:\/\/genevaboats.com\/de\/#breadcrumb\",\"itemListElement\":[{\"@type\":\"ListItem\",\"position\":1,\"name\":\"Home\",\"item\":\"https:\/\/genevaboats.com\/de\/\"},{\"@type\":\"ListItem\",\"position\":2,\"name\":\"Homepage\"}]},{\"@type\":\"WebSite\",\"@id\":\"https:\/\/genevaboats.com\/de\/#website\",\"url\":\"https:\/\/genevaboats.com\/de\/\",\"name\":\"genevaboats\",\"description\":\"Genevaboats Website\",\"potentialAction\":[{\"@type\":\"SearchAction\",\"target\":{\"@type\":\"EntryPoint\",\"urlTemplate\":\"https:\/\/genevaboats.com\/de\/?s={search_term_string}\"},\"query-input\":{\"@type\":\"PropertyValueSpecification\",\"valueRequired\":true,\"valueName\":\"search_term_string\"}}],\"inLanguage\":\"de-DE\"}]}<\/script>\n<!-- \/ Yoast SEO plugin. -->","yoast_head_json":{"title":"Bootsverleih & Verkauf | Genevaboats | Genevaweg","description":"Boats and yachts for rent or charter on Lake Geneva. Departure from Geneva, Lausanne or Montreux. Large choice of motorboats, sailing boats and yachts for sale.","robots":{"index":"index","follow":"follow","max-snippet":"max-snippet:-1","max-image-preview":"max-image-preview:large","max-video-preview":"max-video-preview:-1"},"canonical":"https:\/\/genevaboats.com\/de\/","og_locale":"de_DE","og_type":"article","og_title":"Bootsverleih & Verkauf | Genevaboats | Genevaweg","og_description":"Boats and yachts for rent or charter on Lake Geneva. Departure from Geneva, Lausanne or Montreux. Large choice of motorboats, sailing boats and yachts for sale.","og_url":"https:\/\/genevaboats.com\/de\/","og_site_name":"genevaboats","article_publisher":"https:\/\/www.facebook.com\/genevaboats","article_modified_time":"2025-10-13T13:37:11+00:00","twitter_card":"summary_large_image","twitter_misc":{"Est. reading time":"2 minutes"},"schema":{"@context":"https:\/\/schema.org","@graph":[{"@type":"WebPage","@id":"https:\/\/genevaboats.com\/de\/","url":"https:\/\/genevaboats.com\/de\/","name":"Bootsverleih & Verkauf | Genevaboats | Genevaweg","isPartOf":{"@id":"https:\/\/genevaboats.com\/de\/#website"},"datePublished":"2024-09-12T12:01:03+00:00","dateModified":"2025-10-13T13:37:11+00:00","description":"Boats and yachts for rent or charter on Lake Geneva. Departure from Geneva, Lausanne or Montreux. Large choice of motorboats, sailing boats and yachts for sale.","breadcrumb":{"@id":"https:\/\/genevaboats.com\/de\/#breadcrumb"},"inLanguage":"de-DE","potentialAction":[{"@type":"ReadAction","target":["https:\/\/genevaboats.com\/de\/"]}]},{"@type":"BreadcrumbList","@id":"https:\/\/genevaboats.com\/de\/#breadcrumb","itemListElement":[{"@type":"ListItem","position":1,"name":"Home","item":"https:\/\/genevaboats.com\/de\/"},{"@type":"ListItem","position":2,"name":"Homepage"}]},{"@type":"WebSite","@id":"https:\/\/genevaboats.com\/de\/#website","url":"https:\/\/genevaboats.com\/de\/","name":"genevaboats","description":"Genevaboats Website","potentialAction":[{"@type":"SearchAction","target":{"@type":"EntryPoint","urlTemplate":"https:\/\/genevaboats.com\/de\/?s={search_term_string}"},"query-input":{"@type":"PropertyValueSpecification","valueRequired":true,"valueName":"search_term_string"}}],"inLanguage":"de-DE"}]}},"_links":{"self":[{"href":"https:\/\/genevaboats.com\/de\/wp-json\/wp\/v2\/pages\/3418","targetHints":{"allow":["GET"]}}],"collection":[{"href":"https:\/\/genevaboats.com\/de\/wp-json\/wp\/v2\/pages"}],"about":[{"href":"https:\/\/genevaboats.com\/de\/wp-json\/wp\/v2\/types\/page"}],"author":[{"embeddable":true,"href":"https:\/\/genevaboats.com\/de\/wp-json\/wp\/v2\/users\/1"}],"replies":[{"embeddable":true,"href":"https:\/\/genevaboats.com\/de\/wp-json\/wp\/v2\/comments?post=3418"}],"version-history":[{"count":13,"href":"https:\/\/genevaboats.com\/de\/wp-json\/wp\/v2\/pages\/3418\/revisions"}],"predecessor-version":[{"id":4162,"href":"https:\/\/genevaboats.com\/de\/wp-json\/wp\/v2\/pages\/3418\/revisions\/4162"}],"wp:attachment":[{"href":"https:\/\/genevaboats.com\/de\/wp-json\/wp\/v2\/media?parent=3418"}],"curies":[{"name":"wp","href":"https:\/\/api.w.org\/{rel}","templated":true}]}}