{"id":3423,"date":"2019-11-08T17:20:39","date_gmt":"2019-11-08T17:20:39","guid":{"rendered":"https:\/\/genevaboats.com\/boat-sales\/"},"modified":"2025-04-22T10:19:20","modified_gmt":"2025-04-22T10:19:20","slug":"bootverkauf","status":"publish","type":"page","link":"https:\/\/genevaboats.com\/de\/bootverkauf\/","title":{"rendered":"Bootverkauf in der Schweiz"},"content":{"rendered":"<p>Genevaboats ist ein Bootsh\u00e4ndler und bietet die gr\u00f6\u00dfte Auswahl an bekannten Bootsmarken aller Modelle an. Darunter Motorboote f\u00fcr Seerundfahrten, Boote f\u00fcr Wassersportarten, Angelboote, handgefertigte Motorboote aus H\u00f6lzern, Boote mit Innen- oder Au\u00dfenbordmotoren sowie Antriebe mit Diesel, Benzin oder elektrischem Antrieb. Die Flotte umfasst ebenfalls Schnellboote und gro\u00dfe Yachten von 14 bis 24 Metern sowie Segelboote in allen Gr\u00f6\u00dfen.<\/p>\n<p>Seit unserer Gr\u00fcndung im Jahr 2005 haben wir uns einen Ruf als zuverl\u00e4ssiger und stets verf\u00fcgbarer Anbieter erarbeitet und stehen f\u00fcr die Qualit\u00e4t unserer Beratung vor Ihrem Bootkauf. Die Auswahl des richtigen Modells ist entscheidend und abh\u00e4ngig davon, wie jeder Kunde sein Boot nutzen m\u00f6chte.<\/p>\n<p>Genevaboats bietet Ihnen auch das gesamte Spektrum nautischer Dienstleistungen an, um die Nutzung der Boote f\u00fcr Sie zu vereinfachen, darunter Wartung, Mechanik, Bereitstellung von Ausr\u00fcstung, Marina-Dienstleistungen, Winterlager, Bestellung von Kissen und Abdeckungen, Versicherung und Leasing-Beratung.<\/p>\n<p>Zus\u00e4tzlich bietet Genevaboats auch die Suche nach Liegepl\u00e4tzen und Anlegestellen oder deren Vermietung f\u00fcr unsere Kunden an, die ein Boot oder eine Yacht gekauft haben.<\/p>\n<p>Unsere Dienstleistungen umfassen ebenfalls die Bereitstellung von Kapit\u00e4nen\/Skippern auf Tages- oder Jahresbasis. Unsere ausgezeichneten jungen Kapit\u00e4ne und Skipper sind gut ausgebildet, sprechen mehrere Sprachen und haben perfekte Kenntnisse der Schweizer Seen sowie aller hier m\u00f6glichen nautischen Freizeit- und Wassersportaktivit\u00e4ten, darunter Wakeboarden und Wake-Surfen.<\/p>\n<p>B\u00fcro :<br \/>\nIBSC GMBH<br \/>\nC\/o St\u00e9phanie Baumann<br \/>\nMorgartenstrasse 9<br \/>\n6003 Luzern<\/p>\n<p>Kontakt : Balthazar Witzig &#8211; <a href=\"tel:0041.79.775.04.12\">0041.79.775.04.12<\/a> &#8211; <a href=\"mailto:balthazar@genevaboats.com\">balthazar@genevaboats.com<\/a><\/p>\n","protected":false},"excerpt":{"rendered":"<p>Genevaboats ist ein Bootsh\u00e4ndler und bietet die gr\u00f6\u00dfte Auswahl an bekannten Bootsmarken aller Modelle an. Darunter Motorboote f\u00fcr Seerundfahrten, Boote f\u00fcr Wassersportarten, Angelboote, handgefertigte Motorboote aus H\u00f6lzern, Boote mit Innen- oder Au\u00dfenbordmotoren sowie Antriebe mit Diesel, Benzin oder elektrischem Antrieb. Die Flotte umfasst ebenfalls Schnellboote und gro\u00dfe Yachten von 14 bis 24 Metern sowie Segelboote [&hellip;]<\/p>\n","protected":false},"author":1,"featured_media":0,"parent":0,"menu_order":13,"comment_status":"closed","ping_status":"closed","template":"template-t-sales.php","meta":{"_acf_changed":false,"footnotes":""},"class_list":["post-3423","page","type-page","status-publish","hentry"],"acf":[],"yoast_head":"<!-- This site is optimized with the Yoast SEO plugin v26.1.1 - https:\/\/yoast.com\/wordpress\/plugins\/seo\/ -->\n<title>Bootsverkauf in Genf | Boat &amp; Yacht Sales | Genevaboats<\/title>\n<meta name=\"description\" content=\"Boats and yachts for sale on Lake Geneva and Switzerland. Mooring and berth available. Advisory in boat purchase new or second hand. Storage and maintenance. Dealer for Riva, Azimut, Cobalt, Pardo, B\u00e9n\u00e9teau, Malibu, Greenline, Grand Soleil et Saxdor.\" \/>\n<meta name=\"robots\" content=\"index, follow, max-snippet:-1, max-image-preview:large, max-video-preview:-1\" \/>\n<link rel=\"canonical\" href=\"https:\/\/genevaboats.com\/de\/bootverkauf\/\" \/>\n<meta property=\"og:locale\" content=\"de_DE\" \/>\n<meta property=\"og:type\" content=\"article\" \/>\n<meta property=\"og:title\" content=\"Bootsverkauf in Genf | Boat &amp; Yacht Sales | Genevaboats\" \/>\n<meta property=\"og:description\" content=\"Boats and yachts for sale on Lake Geneva and Switzerland. Mooring and berth available. Advisory in boat purchase new or second hand. Storage and maintenance. Dealer for Riva, Azimut, Cobalt, Pardo, B\u00e9n\u00e9teau, Malibu, Greenline, Grand Soleil et Saxdor.\" \/>\n<meta property=\"og:url\" content=\"https:\/\/genevaboats.com\/de\/bootverkauf\/\" \/>\n<meta property=\"og:site_name\" content=\"genevaboats\" \/>\n<meta property=\"article:publisher\" content=\"https:\/\/www.facebook.com\/genevaboats\" \/>\n<meta property=\"article:modified_time\" content=\"2025-04-22T10:19:20+00:00\" \/>\n<meta name=\"twitter:card\" content=\"summary_large_image\" \/>\n<meta name=\"twitter:label1\" content=\"Est. reading time\" \/>\n\t<meta name=\"twitter:data1\" content=\"1 minute\" \/>\n<script type=\"application\/ld+json\" class=\"yoast-schema-graph\">{\"@context\":\"https:\/\/schema.org\",\"@graph\":[{\"@type\":\"WebPage\",\"@id\":\"https:\/\/genevaboats.com\/de\/bootverkauf\/\",\"url\":\"https:\/\/genevaboats.com\/de\/bootverkauf\/\",\"name\":\"Bootsverkauf in Genf | Boat & Yacht Sales | Genevaboats\",\"isPartOf\":{\"@id\":\"https:\/\/genevaboats.com\/de\/#website\"},\"datePublished\":\"2019-11-08T17:20:39+00:00\",\"dateModified\":\"2025-04-22T10:19:20+00:00\",\"description\":\"Boats and yachts for sale on Lake Geneva and Switzerland. Mooring and berth available. Advisory in boat purchase new or second hand. Storage and maintenance. Dealer for Riva, Azimut, Cobalt, Pardo, B\u00e9n\u00e9teau, Malibu, Greenline, Grand Soleil et Saxdor.\",\"breadcrumb\":{\"@id\":\"https:\/\/genevaboats.com\/de\/bootverkauf\/#breadcrumb\"},\"inLanguage\":\"de-DE\",\"potentialAction\":[{\"@type\":\"ReadAction\",\"target\":[\"https:\/\/genevaboats.com\/de\/bootverkauf\/\"]}]},{\"@type\":\"BreadcrumbList\",\"@id\":\"https:\/\/genevaboats.com\/de\/bootverkauf\/#breadcrumb\",\"itemListElement\":[{\"@type\":\"ListItem\",\"position\":1,\"name\":\"Home\",\"item\":\"https:\/\/genevaboats.com\/de\/\"},{\"@type\":\"ListItem\",\"position\":2,\"name\":\"Bootverkauf in der Schweiz\"}]},{\"@type\":\"WebSite\",\"@id\":\"https:\/\/genevaboats.com\/de\/#website\",\"url\":\"https:\/\/genevaboats.com\/de\/\",\"name\":\"genevaboats\",\"description\":\"Genevaboats Website\",\"potentialAction\":[{\"@type\":\"SearchAction\",\"target\":{\"@type\":\"EntryPoint\",\"urlTemplate\":\"https:\/\/genevaboats.com\/de\/?s={search_term_string}\"},\"query-input\":{\"@type\":\"PropertyValueSpecification\",\"valueRequired\":true,\"valueName\":\"search_term_string\"}}],\"inLanguage\":\"de-DE\"}]}<\/script>\n<!-- \/ Yoast SEO plugin. -->","yoast_head_json":{"title":"Bootsverkauf in Genf | Boat & Yacht Sales | Genevaboats","description":"Boats and yachts for sale on Lake Geneva and Switzerland. Mooring and berth available. Advisory in boat purchase new or second hand. Storage and maintenance. Dealer for Riva, Azimut, Cobalt, Pardo, B\u00e9n\u00e9teau, Malibu, Greenline, Grand Soleil et Saxdor.","robots":{"index":"index","follow":"follow","max-snippet":"max-snippet:-1","max-image-preview":"max-image-preview:large","max-video-preview":"max-video-preview:-1"},"canonical":"https:\/\/genevaboats.com\/de\/bootverkauf\/","og_locale":"de_DE","og_type":"article","og_title":"Bootsverkauf in Genf | Boat & Yacht Sales | Genevaboats","og_description":"Boats and yachts for sale on Lake Geneva and Switzerland. Mooring and berth available. Advisory in boat purchase new or second hand. Storage and maintenance. Dealer for Riva, Azimut, Cobalt, Pardo, B\u00e9n\u00e9teau, Malibu, Greenline, Grand Soleil et Saxdor.","og_url":"https:\/\/genevaboats.com\/de\/bootverkauf\/","og_site_name":"genevaboats","article_publisher":"https:\/\/www.facebook.com\/genevaboats","article_modified_time":"2025-04-22T10:19:20+00:00","twitter_card":"summary_large_image","twitter_misc":{"Est. reading time":"1 minute"},"schema":{"@context":"https:\/\/schema.org","@graph":[{"@type":"WebPage","@id":"https:\/\/genevaboats.com\/de\/bootverkauf\/","url":"https:\/\/genevaboats.com\/de\/bootverkauf\/","name":"Bootsverkauf in Genf | Boat & Yacht Sales | Genevaboats","isPartOf":{"@id":"https:\/\/genevaboats.com\/de\/#website"},"datePublished":"2019-11-08T17:20:39+00:00","dateModified":"2025-04-22T10:19:20+00:00","description":"Boats and yachts for sale on Lake Geneva and Switzerland. Mooring and berth available. Advisory in boat purchase new or second hand. Storage and maintenance. Dealer for Riva, Azimut, Cobalt, Pardo, B\u00e9n\u00e9teau, Malibu, Greenline, Grand Soleil et Saxdor.","breadcrumb":{"@id":"https:\/\/genevaboats.com\/de\/bootverkauf\/#breadcrumb"},"inLanguage":"de-DE","potentialAction":[{"@type":"ReadAction","target":["https:\/\/genevaboats.com\/de\/bootverkauf\/"]}]},{"@type":"BreadcrumbList","@id":"https:\/\/genevaboats.com\/de\/bootverkauf\/#breadcrumb","itemListElement":[{"@type":"ListItem","position":1,"name":"Home","item":"https:\/\/genevaboats.com\/de\/"},{"@type":"ListItem","position":2,"name":"Bootverkauf in der Schweiz"}]},{"@type":"WebSite","@id":"https:\/\/genevaboats.com\/de\/#website","url":"https:\/\/genevaboats.com\/de\/","name":"genevaboats","description":"Genevaboats Website","potentialAction":[{"@type":"SearchAction","target":{"@type":"EntryPoint","urlTemplate":"https:\/\/genevaboats.com\/de\/?s={search_term_string}"},"query-input":{"@type":"PropertyValueSpecification","valueRequired":true,"valueName":"search_term_string"}}],"inLanguage":"de-DE"}]}},"_links":{"self":[{"href":"https:\/\/genevaboats.com\/de\/wp-json\/wp\/v2\/pages\/3423","targetHints":{"allow":["GET"]}}],"collection":[{"href":"https:\/\/genevaboats.com\/de\/wp-json\/wp\/v2\/pages"}],"about":[{"href":"https:\/\/genevaboats.com\/de\/wp-json\/wp\/v2\/types\/page"}],"author":[{"embeddable":true,"href":"https:\/\/genevaboats.com\/de\/wp-json\/wp\/v2\/users\/1"}],"replies":[{"embeddable":true,"href":"https:\/\/genevaboats.com\/de\/wp-json\/wp\/v2\/comments?post=3423"}],"version-history":[{"count":3,"href":"https:\/\/genevaboats.com\/de\/wp-json\/wp\/v2\/pages\/3423\/revisions"}],"predecessor-version":[{"id":3741,"href":"https:\/\/genevaboats.com\/de\/wp-json\/wp\/v2\/pages\/3423\/revisions\/3741"}],"wp:attachment":[{"href":"https:\/\/genevaboats.com\/de\/wp-json\/wp\/v2\/media?parent=3423"}],"curies":[{"name":"wp","href":"https:\/\/api.w.org\/{rel}","templated":true}]}}