{"id":3503,"date":"2019-10-11T18:53:36","date_gmt":"2019-10-11T18:53:36","guid":{"rendered":"https:\/\/genevaboats.com\/boat-rentals\/"},"modified":"2024-09-12T12:00:54","modified_gmt":"2024-09-12T12:00:54","slug":"bootsverleih","status":"publish","type":"page","link":"https:\/\/genevaboats.com\/de\/bootsverleih\/","title":{"rendered":"Bootsverleih"},"content":{"rendered":"<p>M\u00f6chten Sie ein paar Stunden oder einen ganzen Tag genie\u00dfen und den Genfersee in vollen Z\u00fcgen erleben? M\u00f6chten Sie in Genf ein einzigartiges Erlebnis erleben? Dann sind Sie hier genau richtig! Genevaboats bietet Ihnen einen Boots- und Jachtverleih am Genfersee, der Sie nach Genf, Lausanne, Montreux, Yvoire und Evian oder an jeden anderen Ort am See bringt, den Sie w\u00fcnschen.<\/p>\n<p><!--more--><\/p>\n<p>Genevaboats bietet all seinen Kunden einen exklusiven personalisierten Service. Dieser Service zeichnet unser Unternehmen aus und macht uns zu einer herausragenden Referenz im Bereich der Bootsvermietung am Genfersee.<\/p>\n<h2>DIE ERFAHRUNG DER BOOTSVERMIETUNG IN GENF<\/h2>\n<p>Genevaboats verf\u00fcgt \u00fcber eine breitgef\u00e4cherte Flotte von Booten auf dem Genfersee. Um all Ihren W\u00fcnschen gerecht zu werden, bieten wir Ihnen eine gro\u00dfe Auswahl an hochwertigen Jachten und Booten um Ihr Erlebnis auf dem Genfersee unvergesslich zu machen. Eine Bootstour mit unserer Flotte erm\u00f6glicht es Ihnen, verschiedene Freizeitaktivit\u00e4ten auf dem Genfersee zu genie\u00dfen. Egal, ob Sie eine Tour auf einem Motorboot, einem Segelboot, einer Yacht oder einem Angelboot bevorzugen &#8211; Genevaboats bietet Ihnen die f\u00fcr Sie passende Option!<\/p>\n<p>Haben Sie Lust auf Sport? Genevaboats hat Boote zum <a href=\"https:\/\/staging.genevaboats.com\/de\/watersport\/boards-surfen\/\">Wakeboarden, Wake-Surfen<\/a> und <a href=\"https:\/\/staging.genevaboats.com\/de\/watersport\/wasserskifahren\/\">Wasserskifahren<\/a>. M\u00f6chten Sie Spa\u00df haben, ohne auf ein Brett zu steigen? Wir k\u00f6nnen Ihnen Tubing f\u00fcr jedermanns Vergn\u00fcgen anbieten oder einfach eine entspannte Fahrt \u00fcber das Gew\u00e4sser, damit Sie fernab der Menschenmenge im See schwimmen oder eine Tour um den Genfersee machen und die umliegende Natur genie\u00dfen k\u00f6nnen.<\/p>\n<p>Sind Sie eher in entspannter Stimmung? Wir k\u00f6nnen Ihnen eine <a href=\"https:\/\/staging.genevaboats.com\/de\/private-cruises\/\">Kreuzfahrt auf dem See<\/a> anbieten, um verschiedene Regionen in der Schweiz zu erkunden. Ob nach Genf, Montreux, Vevey, Lausanne oder Frankreich, wie Yvoire und Evian &#8211; der Genfersee bietet f\u00fcr jeden das perfekte Ziel. Wenn Sie zum Mittagessen in einem Restaurant anhalten m\u00f6chten, beraten wir Sie gerne und \u00fcbernehmen die Reservierung f\u00fcr Sie.<\/p>\n<p>M\u00f6chten Sie eine andere Seite der Bootsvermietung in Genf erleben? Wir k\u00f6nnen Angeltouren organisieren, damit Sie eine einzigartige Aktivit\u00e4t erleben, bei der Sie die M\u00f6glichkeit haben (no comma) Barsch, Wei\u00dffisch oder Hecht zu angeln.<\/p>\n<p>\u00dcber die t\u00e4glichen Aktivit\u00e4ten hinaus haben Sie die M\u00f6glichkeit, mit Genevaboats <a href=\"https:\/\/staging.genevaboats.com\/de\/cruises\/fireworks\/\">Feuerwerke<\/a> auf eine ganz andere Weise zu erleben, n\u00e4mlich vom See aus. Die Boote werden an strategisch g\u00fcnstigen Orten auf dem Genfersee positioniert, sodass Sie die Magie des Moments in vollen Z\u00fcgen erleben k\u00f6nnen.<\/p>\n<h3>Eine Rundfahrt um den Genfersee mit oder ohne Skipper<\/h3>\n<p>Alle von Genevaboats am Genfersee angebotenen Aktivit\u00e4ten sind mit einem Kapit\u00e4n garantiert, der sich um alles k\u00fcmmert, sodass Ihre einzige Aufgabe darin besteht, das Erlebnis in vollen Z\u00fcgen zu genie\u00dfen. Sie sind unabh\u00e4ngig und besitzen einen Bootsf\u00fchrerschein? Wir k\u00f6nnen Ihnen unsere Boote selbstverst\u00e4ndlich auch ohne Kapit\u00e4n vermieten.<\/p>\n<p>Sie m\u00f6chten den See einfach auf unvergessliche Weise genie\u00dfen? Dann sind Sie jetzt bei uns f\u00fcndig geworden! Genevaboats vermietet Ihnen unsere Boote mit einem einfachen Anruf oder einer E-Mail.<\/p>\n","protected":false},"excerpt":{"rendered":"<p>M\u00f6chten Sie ein paar Stunden oder einen ganzen Tag genie\u00dfen und den Genfersee in vollen Z\u00fcgen erleben? M\u00f6chten Sie in Genf ein einzigartiges Erlebnis erleben? Dann sind Sie hier genau richtig! Genevaboats bietet Ihnen einen Boots- und Jachtverleih am Genfersee, der Sie nach Genf, Lausanne, Montreux, Yvoire und Evian oder an jeden anderen Ort am [&hellip;]<\/p>\n","protected":false},"author":1,"featured_media":0,"parent":0,"menu_order":19,"comment_status":"closed","ping_status":"closed","template":"template-t-rentals.php","meta":{"_acf_changed":false,"footnotes":""},"class_list":["post-3503","page","type-page","status-publish","hentry"],"acf":[],"yoast_head":"<!-- This site is optimized with the Yoast SEO plugin v26.1.1 - https:\/\/yoast.com\/wordpress\/plugins\/seo\/ -->\n<title>Boat rental in Geneva | Boat &amp; Yacht Rentals | Genevaboats<\/title>\n<meta name=\"description\" content=\"Rent a boat or a yacht on Lake Geneva. Skipper provided. Yacht and boat charter from Geneva, Lausanne, Montreux and Yvoire.\" \/>\n<meta name=\"robots\" content=\"index, follow, max-snippet:-1, max-image-preview:large, max-video-preview:-1\" \/>\n<link rel=\"canonical\" href=\"https:\/\/genevaboats.com\/de\/bootsverleih\/\" \/>\n<meta property=\"og:locale\" content=\"de_DE\" \/>\n<meta property=\"og:type\" content=\"article\" \/>\n<meta property=\"og:title\" content=\"Boat rental in Geneva | Boat &amp; Yacht Rentals | Genevaboats\" \/>\n<meta property=\"og:description\" content=\"Rent a boat or a yacht on Lake Geneva. Skipper provided. Yacht and boat charter from Geneva, Lausanne, Montreux and Yvoire.\" \/>\n<meta property=\"og:url\" content=\"https:\/\/genevaboats.com\/de\/bootsverleih\/\" \/>\n<meta property=\"og:site_name\" content=\"genevaboats\" \/>\n<meta property=\"article:publisher\" content=\"https:\/\/www.facebook.com\/genevaboats\" \/>\n<meta property=\"article:modified_time\" content=\"2024-09-12T12:00:54+00:00\" \/>\n<meta name=\"twitter:card\" content=\"summary_large_image\" \/>\n<meta name=\"twitter:label1\" content=\"Est. reading time\" \/>\n\t<meta name=\"twitter:data1\" content=\"3 minutes\" \/>\n<script type=\"application\/ld+json\" class=\"yoast-schema-graph\">{\"@context\":\"https:\/\/schema.org\",\"@graph\":[{\"@type\":\"WebPage\",\"@id\":\"https:\/\/genevaboats.com\/de\/bootsverleih\/\",\"url\":\"https:\/\/genevaboats.com\/de\/bootsverleih\/\",\"name\":\"Boat rental in Geneva | Boat & Yacht Rentals | Genevaboats\",\"isPartOf\":{\"@id\":\"https:\/\/genevaboats.com\/de\/#website\"},\"datePublished\":\"2019-10-11T18:53:36+00:00\",\"dateModified\":\"2024-09-12T12:00:54+00:00\",\"description\":\"Rent a boat or a yacht on Lake Geneva. Skipper provided. Yacht and boat charter from Geneva, Lausanne, Montreux and Yvoire.\",\"breadcrumb\":{\"@id\":\"https:\/\/genevaboats.com\/de\/bootsverleih\/#breadcrumb\"},\"inLanguage\":\"de-DE\",\"potentialAction\":[{\"@type\":\"ReadAction\",\"target\":[\"https:\/\/genevaboats.com\/de\/bootsverleih\/\"]}]},{\"@type\":\"BreadcrumbList\",\"@id\":\"https:\/\/genevaboats.com\/de\/bootsverleih\/#breadcrumb\",\"itemListElement\":[{\"@type\":\"ListItem\",\"position\":1,\"name\":\"Home\",\"item\":\"https:\/\/genevaboats.com\/de\/\"},{\"@type\":\"ListItem\",\"position\":2,\"name\":\"Bootsverleih\"}]},{\"@type\":\"WebSite\",\"@id\":\"https:\/\/genevaboats.com\/de\/#website\",\"url\":\"https:\/\/genevaboats.com\/de\/\",\"name\":\"genevaboats\",\"description\":\"Genevaboats Website\",\"potentialAction\":[{\"@type\":\"SearchAction\",\"target\":{\"@type\":\"EntryPoint\",\"urlTemplate\":\"https:\/\/genevaboats.com\/de\/?s={search_term_string}\"},\"query-input\":{\"@type\":\"PropertyValueSpecification\",\"valueRequired\":true,\"valueName\":\"search_term_string\"}}],\"inLanguage\":\"de-DE\"}]}<\/script>\n<!-- \/ Yoast SEO plugin. -->","yoast_head_json":{"title":"Boat rental in Geneva | Boat & Yacht Rentals | Genevaboats","description":"Rent a boat or a yacht on Lake Geneva. Skipper provided. Yacht and boat charter from Geneva, Lausanne, Montreux and Yvoire.","robots":{"index":"index","follow":"follow","max-snippet":"max-snippet:-1","max-image-preview":"max-image-preview:large","max-video-preview":"max-video-preview:-1"},"canonical":"https:\/\/genevaboats.com\/de\/bootsverleih\/","og_locale":"de_DE","og_type":"article","og_title":"Boat rental in Geneva | Boat & Yacht Rentals | Genevaboats","og_description":"Rent a boat or a yacht on Lake Geneva. Skipper provided. Yacht and boat charter from Geneva, Lausanne, Montreux and Yvoire.","og_url":"https:\/\/genevaboats.com\/de\/bootsverleih\/","og_site_name":"genevaboats","article_publisher":"https:\/\/www.facebook.com\/genevaboats","article_modified_time":"2024-09-12T12:00:54+00:00","twitter_card":"summary_large_image","twitter_misc":{"Est. reading time":"3 minutes"},"schema":{"@context":"https:\/\/schema.org","@graph":[{"@type":"WebPage","@id":"https:\/\/genevaboats.com\/de\/bootsverleih\/","url":"https:\/\/genevaboats.com\/de\/bootsverleih\/","name":"Boat rental in Geneva | Boat & Yacht Rentals | Genevaboats","isPartOf":{"@id":"https:\/\/genevaboats.com\/de\/#website"},"datePublished":"2019-10-11T18:53:36+00:00","dateModified":"2024-09-12T12:00:54+00:00","description":"Rent a boat or a yacht on Lake Geneva. Skipper provided. Yacht and boat charter from Geneva, Lausanne, Montreux and Yvoire.","breadcrumb":{"@id":"https:\/\/genevaboats.com\/de\/bootsverleih\/#breadcrumb"},"inLanguage":"de-DE","potentialAction":[{"@type":"ReadAction","target":["https:\/\/genevaboats.com\/de\/bootsverleih\/"]}]},{"@type":"BreadcrumbList","@id":"https:\/\/genevaboats.com\/de\/bootsverleih\/#breadcrumb","itemListElement":[{"@type":"ListItem","position":1,"name":"Home","item":"https:\/\/genevaboats.com\/de\/"},{"@type":"ListItem","position":2,"name":"Bootsverleih"}]},{"@type":"WebSite","@id":"https:\/\/genevaboats.com\/de\/#website","url":"https:\/\/genevaboats.com\/de\/","name":"genevaboats","description":"Genevaboats Website","potentialAction":[{"@type":"SearchAction","target":{"@type":"EntryPoint","urlTemplate":"https:\/\/genevaboats.com\/de\/?s={search_term_string}"},"query-input":{"@type":"PropertyValueSpecification","valueRequired":true,"valueName":"search_term_string"}}],"inLanguage":"de-DE"}]}},"_links":{"self":[{"href":"https:\/\/genevaboats.com\/de\/wp-json\/wp\/v2\/pages\/3503","targetHints":{"allow":["GET"]}}],"collection":[{"href":"https:\/\/genevaboats.com\/de\/wp-json\/wp\/v2\/pages"}],"about":[{"href":"https:\/\/genevaboats.com\/de\/wp-json\/wp\/v2\/types\/page"}],"author":[{"embeddable":true,"href":"https:\/\/genevaboats.com\/de\/wp-json\/wp\/v2\/users\/1"}],"replies":[{"embeddable":true,"href":"https:\/\/genevaboats.com\/de\/wp-json\/wp\/v2\/comments?post=3503"}],"version-history":[{"count":1,"href":"https:\/\/genevaboats.com\/de\/wp-json\/wp\/v2\/pages\/3503\/revisions"}],"predecessor-version":[{"id":3506,"href":"https:\/\/genevaboats.com\/de\/wp-json\/wp\/v2\/pages\/3503\/revisions\/3506"}],"wp:attachment":[{"href":"https:\/\/genevaboats.com\/de\/wp-json\/wp\/v2\/media?parent=3503"}],"curies":[{"name":"wp","href":"https:\/\/api.w.org\/{rel}","templated":true}]}}