{"id":3508,"date":"2020-06-11T14:17:28","date_gmt":"2020-06-11T14:17:28","guid":{"rendered":"https:\/\/genevaboats.com\/bootsverleih\/boat-rental-in-montreux\/"},"modified":"2024-09-11T14:51:35","modified_gmt":"2024-09-11T14:51:35","slug":"bootsmiete-in-montreux","status":"publish","type":"page","link":"https:\/\/genevaboats.com\/de\/bootsverleih\/bootsmiete-in-montreux\/","title":{"rendered":"Bootsmiete in MONTREUX"},"content":{"rendered":"<p>F\u00fcr Ihre eigene private Kreuzfahrt mit Kapit\u00e4n bietet die Bootsvermietung in Montreux Ihnen eine gro\u00dfe Auswahl an Aktivit\u00e4ten und Zielen. Diese Region, auch Hochsee genannt, ist reich an Entdeckungen und herrlichen Panoramen, die vom Boot aus bewundert werden k\u00f6nnen.<\/p>\n<p>Zusammen mit Ihren G\u00e4sten, Freunden oder Ihrer Familie entdecken Sie die beeindruckenden Berge der Schweizer und franz\u00f6sischen Alpen, die vom Boot aus unglaublich nah erscheinen, mit steilen H\u00e4ngen, die direkt in den See fallen, wie beispielsweise in Meillerie und Saint-Gingolph.<\/p>\n<p>Wenn Sie ostw\u00e4rts Richtung M\u00fcndung der Rh\u00f4ne, des Flusses, der den See speist, kreuzen, passieren Sie das imposante Schloss Chillon, eines der meistbesuchten in der Schweiz und im Kanton Waadt. Navigieren Sie s\u00fcdw\u00e4rts, kommen Sie an Clarens vorbei und der ber\u00fchmten Sch\u00f6nheitsklinik La Prairie, spezialisiert auf luxuri\u00f6se Beauty- und Kosmetikprodukte, und sp\u00e4ter an Vevey, wo Sie den Hauptsitz der Nestl\u00e9-Firma sehen werden, sowie die Villa, in der Charlie Chaplin lebte, die jetzt ein Museum namens CHAPLIN\u2019S WORLD ist.<\/p>\n<p>Was Montreux betrifft, ist das weltber\u00fchmte MONTREUX JAZZ FESTIVAL bekannt, das jeden Sommer er\u00f6ffnet und wo sich das Museum befindet, das dem britischen S\u00e4nger FREDDIE MERCURY und seiner Band QUEEN gewidmet ist. Ein absolutes Muss f\u00fcr alle Rock- und Popmusikfans!<\/p>\n<p>Auf Ihrem gemieteten Boot k\u00f6nnen Sie mit ihrem Kapit\u00e4n auch die von uns vorgeschlagenen Wassersportarten und Aktivit\u00e4ten wie Wakeboarden, Wasserski, Schwimmen und Angeln praktizieren oder Landausfl\u00fcge zu Schl\u00f6ssern und Museen, inklusive Mittag- oder Abendessen auf dem Boot oder in einem der vielen Seerestaurants mit Tischreservierung genie\u00dfen.<\/p>\n<p>GENEVABOATS bietet Ihnen f\u00fcr Ihr unvergleichliches Erlebnis in Montreux die beste Wahl aus der gr\u00f6\u00dften Flotte von exklusiven Mietbooten am Genfersee.<\/p>\n","protected":false},"excerpt":{"rendered":"<p>F\u00fcr Ihre eigene private Kreuzfahrt mit Kapit\u00e4n bietet die Bootsvermietung in Montreux Ihnen eine gro\u00dfe Auswahl an Aktivit\u00e4ten und Zielen. Diese Region, auch Hochsee genannt, ist reich an Entdeckungen und herrlichen Panoramen, die vom Boot aus bewundert werden k\u00f6nnen. Zusammen mit Ihren G\u00e4sten, Freunden oder Ihrer Familie entdecken Sie die beeindruckenden Berge der Schweizer und [&hellip;]<\/p>\n","protected":false},"author":1,"featured_media":2917,"parent":3503,"menu_order":24,"comment_status":"closed","ping_status":"closed","template":"template-t-standard.php","meta":{"_acf_changed":false,"footnotes":""},"class_list":["post-3508","page","type-page","status-publish","has-post-thumbnail","hentry"],"acf":[],"yoast_head":"<!-- This site is optimized with the Yoast SEO plugin v26.1.1 - https:\/\/yoast.com\/wordpress\/plugins\/seo\/ -->\n<title>Bootsmiete in MONTREUX - genevaboats<\/title>\n<meta name=\"description\" content=\"Charter or rent a boat with captain to discover the Lake Geneva from Montreux. Choose between our large offer of boats and yachts we have in Swizterland.\" \/>\n<meta name=\"robots\" content=\"index, follow, max-snippet:-1, max-image-preview:large, max-video-preview:-1\" \/>\n<link rel=\"canonical\" href=\"https:\/\/genevaboats.com\/de\/bootsverleih\/bootsmiete-in-montreux\/\" \/>\n<meta property=\"og:locale\" content=\"de_DE\" \/>\n<meta property=\"og:type\" content=\"article\" \/>\n<meta property=\"og:title\" content=\"Bootsmiete in MONTREUX - genevaboats\" \/>\n<meta property=\"og:description\" content=\"Charter or rent a boat with captain to discover the Lake Geneva from Montreux. Choose between our large offer of boats and yachts we have in Swizterland.\" \/>\n<meta property=\"og:url\" content=\"https:\/\/genevaboats.com\/de\/bootsverleih\/bootsmiete-in-montreux\/\" \/>\n<meta property=\"og:site_name\" content=\"genevaboats\" \/>\n<meta property=\"article:publisher\" content=\"https:\/\/www.facebook.com\/genevaboats\" \/>\n<meta property=\"article:modified_time\" content=\"2024-09-11T14:51:35+00:00\" \/>\n<meta property=\"og:image\" content=\"https:\/\/genevaboats.com\/wp-content\/uploads\/2019\/05\/montreux02-r.jpg\" \/>\n\t<meta property=\"og:image:width\" content=\"1920\" \/>\n\t<meta property=\"og:image:height\" content=\"995\" \/>\n\t<meta property=\"og:image:type\" content=\"image\/jpeg\" \/>\n<meta name=\"twitter:card\" content=\"summary_large_image\" \/>\n<meta name=\"twitter:label1\" content=\"Est. reading time\" \/>\n\t<meta name=\"twitter:data1\" content=\"2 minutes\" \/>\n<script type=\"application\/ld+json\" class=\"yoast-schema-graph\">{\"@context\":\"https:\/\/schema.org\",\"@graph\":[{\"@type\":\"WebPage\",\"@id\":\"https:\/\/genevaboats.com\/de\/bootsverleih\/bootsmiete-in-montreux\/\",\"url\":\"https:\/\/genevaboats.com\/de\/bootsverleih\/bootsmiete-in-montreux\/\",\"name\":\"Bootsmiete in MONTREUX - genevaboats\",\"isPartOf\":{\"@id\":\"https:\/\/genevaboats.com\/de\/#website\"},\"primaryImageOfPage\":{\"@id\":\"https:\/\/genevaboats.com\/de\/bootsverleih\/bootsmiete-in-montreux\/#primaryimage\"},\"image\":{\"@id\":\"https:\/\/genevaboats.com\/de\/bootsverleih\/bootsmiete-in-montreux\/#primaryimage\"},\"thumbnailUrl\":\"https:\/\/genevaboats.com\/wp-content\/uploads\/2019\/05\/montreux02-r.jpg\",\"datePublished\":\"2020-06-11T14:17:28+00:00\",\"dateModified\":\"2024-09-11T14:51:35+00:00\",\"description\":\"Charter or rent a boat with captain to discover the Lake Geneva from Montreux. Choose between our large offer of boats and yachts we have in Swizterland.\",\"breadcrumb\":{\"@id\":\"https:\/\/genevaboats.com\/de\/bootsverleih\/bootsmiete-in-montreux\/#breadcrumb\"},\"inLanguage\":\"de-DE\",\"potentialAction\":[{\"@type\":\"ReadAction\",\"target\":[\"https:\/\/genevaboats.com\/de\/bootsverleih\/bootsmiete-in-montreux\/\"]}]},{\"@type\":\"ImageObject\",\"inLanguage\":\"de-DE\",\"@id\":\"https:\/\/genevaboats.com\/de\/bootsverleih\/bootsmiete-in-montreux\/#primaryimage\",\"url\":\"https:\/\/genevaboats.com\/wp-content\/uploads\/2019\/05\/montreux02-r.jpg\",\"contentUrl\":\"https:\/\/genevaboats.com\/wp-content\/uploads\/2019\/05\/montreux02-r.jpg\",\"width\":1920,\"height\":995},{\"@type\":\"BreadcrumbList\",\"@id\":\"https:\/\/genevaboats.com\/de\/bootsverleih\/bootsmiete-in-montreux\/#breadcrumb\",\"itemListElement\":[{\"@type\":\"ListItem\",\"position\":1,\"name\":\"Home\",\"item\":\"https:\/\/genevaboats.com\/de\/\"},{\"@type\":\"ListItem\",\"position\":2,\"name\":\"Bootsverleih\",\"item\":\"https:\/\/genevaboats.com\/de\/bootsverleih\/\"},{\"@type\":\"ListItem\",\"position\":3,\"name\":\"Bootsmiete in MONTREUX\"}]},{\"@type\":\"WebSite\",\"@id\":\"https:\/\/genevaboats.com\/de\/#website\",\"url\":\"https:\/\/genevaboats.com\/de\/\",\"name\":\"genevaboats\",\"description\":\"Genevaboats Website\",\"potentialAction\":[{\"@type\":\"SearchAction\",\"target\":{\"@type\":\"EntryPoint\",\"urlTemplate\":\"https:\/\/genevaboats.com\/de\/?s={search_term_string}\"},\"query-input\":{\"@type\":\"PropertyValueSpecification\",\"valueRequired\":true,\"valueName\":\"search_term_string\"}}],\"inLanguage\":\"de-DE\"}]}<\/script>\n<!-- \/ Yoast SEO plugin. -->","yoast_head_json":{"title":"Bootsmiete in MONTREUX - genevaboats","description":"Charter or rent a boat with captain to discover the Lake Geneva from Montreux. Choose between our large offer of boats and yachts we have in Swizterland.","robots":{"index":"index","follow":"follow","max-snippet":"max-snippet:-1","max-image-preview":"max-image-preview:large","max-video-preview":"max-video-preview:-1"},"canonical":"https:\/\/genevaboats.com\/de\/bootsverleih\/bootsmiete-in-montreux\/","og_locale":"de_DE","og_type":"article","og_title":"Bootsmiete in MONTREUX - genevaboats","og_description":"Charter or rent a boat with captain to discover the Lake Geneva from Montreux. Choose between our large offer of boats and yachts we have in Swizterland.","og_url":"https:\/\/genevaboats.com\/de\/bootsverleih\/bootsmiete-in-montreux\/","og_site_name":"genevaboats","article_publisher":"https:\/\/www.facebook.com\/genevaboats","article_modified_time":"2024-09-11T14:51:35+00:00","og_image":[{"width":1920,"height":995,"url":"https:\/\/genevaboats.com\/wp-content\/uploads\/2019\/05\/montreux02-r.jpg","type":"image\/jpeg"}],"twitter_card":"summary_large_image","twitter_misc":{"Est. reading time":"2 minutes"},"schema":{"@context":"https:\/\/schema.org","@graph":[{"@type":"WebPage","@id":"https:\/\/genevaboats.com\/de\/bootsverleih\/bootsmiete-in-montreux\/","url":"https:\/\/genevaboats.com\/de\/bootsverleih\/bootsmiete-in-montreux\/","name":"Bootsmiete in MONTREUX - genevaboats","isPartOf":{"@id":"https:\/\/genevaboats.com\/de\/#website"},"primaryImageOfPage":{"@id":"https:\/\/genevaboats.com\/de\/bootsverleih\/bootsmiete-in-montreux\/#primaryimage"},"image":{"@id":"https:\/\/genevaboats.com\/de\/bootsverleih\/bootsmiete-in-montreux\/#primaryimage"},"thumbnailUrl":"https:\/\/genevaboats.com\/wp-content\/uploads\/2019\/05\/montreux02-r.jpg","datePublished":"2020-06-11T14:17:28+00:00","dateModified":"2024-09-11T14:51:35+00:00","description":"Charter or rent a boat with captain to discover the Lake Geneva from Montreux. Choose between our large offer of boats and yachts we have in Swizterland.","breadcrumb":{"@id":"https:\/\/genevaboats.com\/de\/bootsverleih\/bootsmiete-in-montreux\/#breadcrumb"},"inLanguage":"de-DE","potentialAction":[{"@type":"ReadAction","target":["https:\/\/genevaboats.com\/de\/bootsverleih\/bootsmiete-in-montreux\/"]}]},{"@type":"ImageObject","inLanguage":"de-DE","@id":"https:\/\/genevaboats.com\/de\/bootsverleih\/bootsmiete-in-montreux\/#primaryimage","url":"https:\/\/genevaboats.com\/wp-content\/uploads\/2019\/05\/montreux02-r.jpg","contentUrl":"https:\/\/genevaboats.com\/wp-content\/uploads\/2019\/05\/montreux02-r.jpg","width":1920,"height":995},{"@type":"BreadcrumbList","@id":"https:\/\/genevaboats.com\/de\/bootsverleih\/bootsmiete-in-montreux\/#breadcrumb","itemListElement":[{"@type":"ListItem","position":1,"name":"Home","item":"https:\/\/genevaboats.com\/de\/"},{"@type":"ListItem","position":2,"name":"Bootsverleih","item":"https:\/\/genevaboats.com\/de\/bootsverleih\/"},{"@type":"ListItem","position":3,"name":"Bootsmiete in MONTREUX"}]},{"@type":"WebSite","@id":"https:\/\/genevaboats.com\/de\/#website","url":"https:\/\/genevaboats.com\/de\/","name":"genevaboats","description":"Genevaboats Website","potentialAction":[{"@type":"SearchAction","target":{"@type":"EntryPoint","urlTemplate":"https:\/\/genevaboats.com\/de\/?s={search_term_string}"},"query-input":{"@type":"PropertyValueSpecification","valueRequired":true,"valueName":"search_term_string"}}],"inLanguage":"de-DE"}]}},"_links":{"self":[{"href":"https:\/\/genevaboats.com\/de\/wp-json\/wp\/v2\/pages\/3508","targetHints":{"allow":["GET"]}}],"collection":[{"href":"https:\/\/genevaboats.com\/de\/wp-json\/wp\/v2\/pages"}],"about":[{"href":"https:\/\/genevaboats.com\/de\/wp-json\/wp\/v2\/types\/page"}],"author":[{"embeddable":true,"href":"https:\/\/genevaboats.com\/de\/wp-json\/wp\/v2\/users\/1"}],"replies":[{"embeddable":true,"href":"https:\/\/genevaboats.com\/de\/wp-json\/wp\/v2\/comments?post=3508"}],"version-history":[{"count":1,"href":"https:\/\/genevaboats.com\/de\/wp-json\/wp\/v2\/pages\/3508\/revisions"}],"predecessor-version":[{"id":3509,"href":"https:\/\/genevaboats.com\/de\/wp-json\/wp\/v2\/pages\/3508\/revisions\/3509"}],"up":[{"embeddable":true,"href":"https:\/\/genevaboats.com\/de\/wp-json\/wp\/v2\/pages\/3503"}],"wp:featuredmedia":[{"embeddable":true,"href":"https:\/\/genevaboats.com\/de\/wp-json\/wp\/v2\/media\/2917"}],"wp:attachment":[{"href":"https:\/\/genevaboats.com\/de\/wp-json\/wp\/v2\/media?parent=3508"}],"curies":[{"name":"wp","href":"https:\/\/api.w.org\/{rel}","templated":true}]}}