{"id":3514,"date":"2020-05-19T12:53:14","date_gmt":"2020-05-19T12:53:14","guid":{"rendered":"https:\/\/genevaboats.com\/bootsverleih\/boat-rental-in-lausanne\/"},"modified":"2024-09-11T14:56:16","modified_gmt":"2024-09-11T14:56:16","slug":"bootsverleih-in-lausanne","status":"publish","type":"page","link":"https:\/\/genevaboats.com\/de\/bootsverleih\/bootsverleih-in-lausanne\/","title":{"rendered":"Bootsverleih in Lausanne"},"content":{"rendered":"<p>Eine private Kreuzfahrt mit Kapit\u00e4n in Lausanne ist eine sehr angenehme Aussicht, da die Region des Kantons Waadt eine gro\u00dfe Vielfalt an Zielen und wundersch\u00f6nen Panoramen bietet, die vom Boot aus bewundert werden k\u00f6nnen.<\/p>\n<p>Mit Ihren G\u00e4sten, Freunden oder Ihrer Familie entdecken Sie die beeindruckenden Berggipfel der Schweizer und franz\u00f6sischen Alpen, aber auch die ber\u00fchmten Weinbergterrassen von Lavaux Richtung Lutry, mit ihren pr\u00e4chtigen H\u00fcgeln und  Blick auf den See, eine Region, die als au\u00dfergew\u00f6hnliche Sch\u00f6nheit der Welt beschrieben wird, klassifiziert als UNESCO-Weltkulturerbe. Die Sch\u00f6nheit dieser Ansicht erinnert an das Motiv des Sees, das in dieser Region vom gro\u00dfen Schweizer K\u00fcnstler Ferdinand Hodler gemalt wurde.<\/p>\n<p>W\u00e4hrend Ihrer Kreuzfahrt mit entspannter Geschwindigkeit auf dem gr\u00f6\u00dften Teil des Genfersees gegen\u00fcber von Lausanne werden Sie auch die kleine Seeuferstadt Evian sehen, wo eine der weltweit bekanntesten Mineralw\u00e4sserquellen entspringt, und wo Sie auch das Evian Casino finden, sowie einen der sch\u00f6nsten Golfpl\u00e4tze Europas, Teil des Evian Resorts, das die internationale Konzerthalle La Grange Au Lac umfasst, sowie die f\u00fcnf- und vier-Sterne-Hotels Royal und Ermitage, die beide einen atemberaubenden Blick auf den See bieten.<\/p>\n<p>Zur\u00fcck in Lausanne am Seeufer k\u00f6nnen Sie sich auch einen Besuch in einem der sch\u00f6nsten klassischen Hotels der Welt g\u00f6nnen, dem einzigartigen F\u00fcnf-Sterne Beau Rivage Palace, und seinem im Guide Michelin mit zwei Sternen ausgezeichneten Restaurant, geleitet von der ber\u00fchmten franz\u00f6sischen Chefk\u00f6chin Anne-Sophie Pic, einer gro\u00dfen Dame der Hochgastronomie.<\/p>\n<p>Auf Ihrem Mietboot mit Ihrem Kapit\u00e4n k\u00f6nnen Sie auch alle Wassersportarten und Aktivit\u00e4ten genie\u00dfen, die wir anbieten, wie Wakeboarden, Wasserski, Schwimmen, Angeln, Landausfl\u00fcge zu Highlights, Mittag- oder Abendessen an Bord des Bootes oder in einem Seeuferrestaurant mit Tischreservierung.<\/p>\n<p>GENEVABOATS bietet Ihnen f\u00fcr Ihr unvergleichliches Erlebnis in Lausanne die beste Wahl aus der gr\u00f6\u00dften Flotte von exklusiven Mietbooten am Genfersee. <\/p>\n","protected":false},"excerpt":{"rendered":"<p>Eine private Kreuzfahrt mit Kapit\u00e4n in Lausanne ist eine sehr angenehme Aussicht, da die Region des Kantons Waadt eine gro\u00dfe Vielfalt an Zielen und wundersch\u00f6nen Panoramen bietet, die vom Boot aus bewundert werden k\u00f6nnen. Mit Ihren G\u00e4sten, Freunden oder Ihrer Familie entdecken Sie die beeindruckenden Berggipfel der Schweizer und franz\u00f6sischen Alpen, aber auch die ber\u00fchmten [&hellip;]<\/p>\n","protected":false},"author":1,"featured_media":3311,"parent":3503,"menu_order":29,"comment_status":"closed","ping_status":"closed","template":"template-t-standard.php","meta":{"_acf_changed":false,"footnotes":""},"class_list":["post-3514","page","type-page","status-publish","has-post-thumbnail","hentry"],"acf":[],"yoast_head":"<!-- This site is optimized with the Yoast SEO plugin v26.1.1 - https:\/\/yoast.com\/wordpress\/plugins\/seo\/ -->\n<title>Bootsverleih in Lausanne - genevaboats<\/title>\n<meta name=\"description\" content=\"Boats and yachts rental from Lausanne. Call us for a cruise on the lake. Boats rented with or without captain for leisure activities like wakeboard, wakesurf, fishing of just chilling.\" \/>\n<meta name=\"robots\" content=\"index, follow, max-snippet:-1, max-image-preview:large, max-video-preview:-1\" \/>\n<link rel=\"canonical\" href=\"https:\/\/genevaboats.com\/de\/bootsverleih\/bootsverleih-in-lausanne\/\" \/>\n<meta property=\"og:locale\" content=\"de_DE\" \/>\n<meta property=\"og:type\" content=\"article\" \/>\n<meta property=\"og:title\" content=\"Bootsverleih in Lausanne - genevaboats\" \/>\n<meta property=\"og:description\" content=\"Boats and yachts rental from Lausanne. Call us for a cruise on the lake. Boats rented with or without captain for leisure activities like wakeboard, wakesurf, fishing of just chilling.\" \/>\n<meta property=\"og:url\" content=\"https:\/\/genevaboats.com\/de\/bootsverleih\/bootsverleih-in-lausanne\/\" \/>\n<meta property=\"og:site_name\" content=\"genevaboats\" \/>\n<meta property=\"article:publisher\" content=\"https:\/\/www.facebook.com\/genevaboats\" \/>\n<meta property=\"article:modified_time\" content=\"2024-09-11T14:56:16+00:00\" \/>\n<meta property=\"og:image\" content=\"https:\/\/genevaboats.com\/wp-content\/uploads\/2023\/03\/Besau-Rivage_Palace-1024x576-min.png\" \/>\n\t<meta property=\"og:image:width\" content=\"1024\" \/>\n\t<meta property=\"og:image:height\" content=\"576\" \/>\n\t<meta property=\"og:image:type\" content=\"image\/png\" \/>\n<meta name=\"twitter:card\" content=\"summary_large_image\" \/>\n<meta name=\"twitter:label1\" content=\"Est. reading time\" \/>\n\t<meta name=\"twitter:data1\" content=\"2 minutes\" \/>\n<script type=\"application\/ld+json\" class=\"yoast-schema-graph\">{\"@context\":\"https:\/\/schema.org\",\"@graph\":[{\"@type\":\"WebPage\",\"@id\":\"https:\/\/genevaboats.com\/de\/bootsverleih\/bootsverleih-in-lausanne\/\",\"url\":\"https:\/\/genevaboats.com\/de\/bootsverleih\/bootsverleih-in-lausanne\/\",\"name\":\"Bootsverleih in Lausanne - genevaboats\",\"isPartOf\":{\"@id\":\"https:\/\/genevaboats.com\/de\/#website\"},\"primaryImageOfPage\":{\"@id\":\"https:\/\/genevaboats.com\/de\/bootsverleih\/bootsverleih-in-lausanne\/#primaryimage\"},\"image\":{\"@id\":\"https:\/\/genevaboats.com\/de\/bootsverleih\/bootsverleih-in-lausanne\/#primaryimage\"},\"thumbnailUrl\":\"https:\/\/genevaboats.com\/wp-content\/uploads\/2023\/03\/Besau-Rivage_Palace-1024x576-min.png\",\"datePublished\":\"2020-05-19T12:53:14+00:00\",\"dateModified\":\"2024-09-11T14:56:16+00:00\",\"description\":\"Boats and yachts rental from Lausanne. Call us for a cruise on the lake. Boats rented with or without captain for leisure activities like wakeboard, wakesurf, fishing of just chilling.\",\"breadcrumb\":{\"@id\":\"https:\/\/genevaboats.com\/de\/bootsverleih\/bootsverleih-in-lausanne\/#breadcrumb\"},\"inLanguage\":\"de-DE\",\"potentialAction\":[{\"@type\":\"ReadAction\",\"target\":[\"https:\/\/genevaboats.com\/de\/bootsverleih\/bootsverleih-in-lausanne\/\"]}]},{\"@type\":\"ImageObject\",\"inLanguage\":\"de-DE\",\"@id\":\"https:\/\/genevaboats.com\/de\/bootsverleih\/bootsverleih-in-lausanne\/#primaryimage\",\"url\":\"https:\/\/genevaboats.com\/wp-content\/uploads\/2023\/03\/Besau-Rivage_Palace-1024x576-min.png\",\"contentUrl\":\"https:\/\/genevaboats.com\/wp-content\/uploads\/2023\/03\/Besau-Rivage_Palace-1024x576-min.png\",\"width\":1024,\"height\":576},{\"@type\":\"BreadcrumbList\",\"@id\":\"https:\/\/genevaboats.com\/de\/bootsverleih\/bootsverleih-in-lausanne\/#breadcrumb\",\"itemListElement\":[{\"@type\":\"ListItem\",\"position\":1,\"name\":\"Home\",\"item\":\"https:\/\/genevaboats.com\/de\/\"},{\"@type\":\"ListItem\",\"position\":2,\"name\":\"Bootsverleih\",\"item\":\"https:\/\/genevaboats.com\/de\/bootsverleih\/\"},{\"@type\":\"ListItem\",\"position\":3,\"name\":\"Bootsverleih in Lausanne\"}]},{\"@type\":\"WebSite\",\"@id\":\"https:\/\/genevaboats.com\/de\/#website\",\"url\":\"https:\/\/genevaboats.com\/de\/\",\"name\":\"genevaboats\",\"description\":\"Genevaboats Website\",\"potentialAction\":[{\"@type\":\"SearchAction\",\"target\":{\"@type\":\"EntryPoint\",\"urlTemplate\":\"https:\/\/genevaboats.com\/de\/?s={search_term_string}\"},\"query-input\":{\"@type\":\"PropertyValueSpecification\",\"valueRequired\":true,\"valueName\":\"search_term_string\"}}],\"inLanguage\":\"de-DE\"}]}<\/script>\n<!-- \/ Yoast SEO plugin. -->","yoast_head_json":{"title":"Bootsverleih in Lausanne - genevaboats","description":"Boats and yachts rental from Lausanne. Call us for a cruise on the lake. Boats rented with or without captain for leisure activities like wakeboard, wakesurf, fishing of just chilling.","robots":{"index":"index","follow":"follow","max-snippet":"max-snippet:-1","max-image-preview":"max-image-preview:large","max-video-preview":"max-video-preview:-1"},"canonical":"https:\/\/genevaboats.com\/de\/bootsverleih\/bootsverleih-in-lausanne\/","og_locale":"de_DE","og_type":"article","og_title":"Bootsverleih in Lausanne - genevaboats","og_description":"Boats and yachts rental from Lausanne. Call us for a cruise on the lake. Boats rented with or without captain for leisure activities like wakeboard, wakesurf, fishing of just chilling.","og_url":"https:\/\/genevaboats.com\/de\/bootsverleih\/bootsverleih-in-lausanne\/","og_site_name":"genevaboats","article_publisher":"https:\/\/www.facebook.com\/genevaboats","article_modified_time":"2024-09-11T14:56:16+00:00","og_image":[{"width":1024,"height":576,"url":"https:\/\/genevaboats.com\/wp-content\/uploads\/2023\/03\/Besau-Rivage_Palace-1024x576-min.png","type":"image\/png"}],"twitter_card":"summary_large_image","twitter_misc":{"Est. reading time":"2 minutes"},"schema":{"@context":"https:\/\/schema.org","@graph":[{"@type":"WebPage","@id":"https:\/\/genevaboats.com\/de\/bootsverleih\/bootsverleih-in-lausanne\/","url":"https:\/\/genevaboats.com\/de\/bootsverleih\/bootsverleih-in-lausanne\/","name":"Bootsverleih in Lausanne - genevaboats","isPartOf":{"@id":"https:\/\/genevaboats.com\/de\/#website"},"primaryImageOfPage":{"@id":"https:\/\/genevaboats.com\/de\/bootsverleih\/bootsverleih-in-lausanne\/#primaryimage"},"image":{"@id":"https:\/\/genevaboats.com\/de\/bootsverleih\/bootsverleih-in-lausanne\/#primaryimage"},"thumbnailUrl":"https:\/\/genevaboats.com\/wp-content\/uploads\/2023\/03\/Besau-Rivage_Palace-1024x576-min.png","datePublished":"2020-05-19T12:53:14+00:00","dateModified":"2024-09-11T14:56:16+00:00","description":"Boats and yachts rental from Lausanne. Call us for a cruise on the lake. Boats rented with or without captain for leisure activities like wakeboard, wakesurf, fishing of just chilling.","breadcrumb":{"@id":"https:\/\/genevaboats.com\/de\/bootsverleih\/bootsverleih-in-lausanne\/#breadcrumb"},"inLanguage":"de-DE","potentialAction":[{"@type":"ReadAction","target":["https:\/\/genevaboats.com\/de\/bootsverleih\/bootsverleih-in-lausanne\/"]}]},{"@type":"ImageObject","inLanguage":"de-DE","@id":"https:\/\/genevaboats.com\/de\/bootsverleih\/bootsverleih-in-lausanne\/#primaryimage","url":"https:\/\/genevaboats.com\/wp-content\/uploads\/2023\/03\/Besau-Rivage_Palace-1024x576-min.png","contentUrl":"https:\/\/genevaboats.com\/wp-content\/uploads\/2023\/03\/Besau-Rivage_Palace-1024x576-min.png","width":1024,"height":576},{"@type":"BreadcrumbList","@id":"https:\/\/genevaboats.com\/de\/bootsverleih\/bootsverleih-in-lausanne\/#breadcrumb","itemListElement":[{"@type":"ListItem","position":1,"name":"Home","item":"https:\/\/genevaboats.com\/de\/"},{"@type":"ListItem","position":2,"name":"Bootsverleih","item":"https:\/\/genevaboats.com\/de\/bootsverleih\/"},{"@type":"ListItem","position":3,"name":"Bootsverleih in Lausanne"}]},{"@type":"WebSite","@id":"https:\/\/genevaboats.com\/de\/#website","url":"https:\/\/genevaboats.com\/de\/","name":"genevaboats","description":"Genevaboats Website","potentialAction":[{"@type":"SearchAction","target":{"@type":"EntryPoint","urlTemplate":"https:\/\/genevaboats.com\/de\/?s={search_term_string}"},"query-input":{"@type":"PropertyValueSpecification","valueRequired":true,"valueName":"search_term_string"}}],"inLanguage":"de-DE"}]}},"_links":{"self":[{"href":"https:\/\/genevaboats.com\/de\/wp-json\/wp\/v2\/pages\/3514","targetHints":{"allow":["GET"]}}],"collection":[{"href":"https:\/\/genevaboats.com\/de\/wp-json\/wp\/v2\/pages"}],"about":[{"href":"https:\/\/genevaboats.com\/de\/wp-json\/wp\/v2\/types\/page"}],"author":[{"embeddable":true,"href":"https:\/\/genevaboats.com\/de\/wp-json\/wp\/v2\/users\/1"}],"replies":[{"embeddable":true,"href":"https:\/\/genevaboats.com\/de\/wp-json\/wp\/v2\/comments?post=3514"}],"version-history":[{"count":1,"href":"https:\/\/genevaboats.com\/de\/wp-json\/wp\/v2\/pages\/3514\/revisions"}],"predecessor-version":[{"id":3515,"href":"https:\/\/genevaboats.com\/de\/wp-json\/wp\/v2\/pages\/3514\/revisions\/3515"}],"up":[{"embeddable":true,"href":"https:\/\/genevaboats.com\/de\/wp-json\/wp\/v2\/pages\/3503"}],"wp:featuredmedia":[{"embeddable":true,"href":"https:\/\/genevaboats.com\/de\/wp-json\/wp\/v2\/media\/3311"}],"wp:attachment":[{"href":"https:\/\/genevaboats.com\/de\/wp-json\/wp\/v2\/media?parent=3514"}],"curies":[{"name":"wp","href":"https:\/\/api.w.org\/{rel}","templated":true}]}}