{"id":1205,"date":"2020-05-12T14:06:28","date_gmt":"2020-05-12T14:06:28","guid":{"rendered":"https:\/\/genevaboats.com\/?page_id=1205"},"modified":"2023-03-02T16:01:15","modified_gmt":"2023-03-02T16:01:15","slug":"location-bateau-lausanne","status":"publish","type":"page","link":"https:\/\/genevaboats.com\/fr\/bateaux-location-geneve\/location-bateau-lausanne\/","title":{"rendered":"Location \u00e0 Lausanne"},"content":{"rendered":"<p>Louer un bateau \u00e0 Lausanne, avec pilote, pour votre croisi\u00e8re priv\u00e9e, est une belle perspective, car la r\u00e9gion du Canton de Vaud offre une grande vari\u00e9t\u00e9 de destinations, avec de superbes panoramas \u00e0 admirer depuis le bateau.<\/p>\n<p>Avec vos invit\u00e9s, vos amis, ou en famille, vous d\u00e9couvrirez les impressionnantes chaines de montagne des Alpes Suisses et Fran\u00e7aises, mais aussi, en direction de Lutry, les c\u00e9l\u00e8bres vignes en terrasses du Lavaux, de magnifiques collines suspendues au-dessus du miroir de l\u2019eau, une r\u00e9gion d\u00e9crite comme exceptionnelle beaut\u00e9 de la nature, class\u00e9e Patrimoine Mondial pour l\u2019Humanit\u00e9 par l\u2019Unesco. Une telle incroyable beaut\u00e9 rappelle les vues du lac peintes dans cette r\u00e9gion par le grand artiste suisse Ferdinand Hodler.<\/p>\n<p>Pendant votre croisi\u00e8re, \u00e0 petite vitesse, sur l\u2019\u00e9tendue la plus large du Lac de Gen\u00e8ve, en face de Lausanne, vous verrez aussi la petite ville lacustre d\u2019Evian, o\u00f9 jaillit la source d\u2019une des plus c\u00e9l\u00e8bres eaux min\u00e9rales du monde, et o\u00f9 on trouve aussi le Casino d\u2019Evian, ainsi que l\u2019un des plus beaux parcours de golf d\u2019Europe, faisant partie de l\u2019Evian Resort, qui inclut la salle de concerts internationale La Grange Au Lac, tout comme les quatre et cinq \u00e9toiles H\u00f4tel Ermitage et H\u00f4tel Royal, qui tous les deux offrent une vue \u00e0 couper le souffle sur le lac.<\/p>\n<p>De retour \u00e0 Lausanne, au bord du lac, vous pourrez aussi vous g\u00e2ter par une visite de l\u2019un des plus beaux h\u00f4tels classiques du monde, l\u2019unique cinq \u00e9toiles Beau Rivage Palace, et son restaurant avec deux \u00e9toiles au Guide Michelin, dirig\u00e9 par la fameuse Chef de Cuisine fran\u00e7aise Anne-Sophie Pic, une grande dame de la haute-gastronomie.<\/p>\n<p>Sur votre bateau de location avec votre pilote, vous pourrez profiter de tous les sports nautiques et activit\u00e9s que nous proposons, comme le wakeboard, le ski nautique, la baignade, la p\u00eache, les visites \u00e0 terre de ch\u00e2teaux et mus\u00e9es, d\u00e9jeuner ou diner sur le bateau, ou \u00e0 un restaurant du bord du lac avec une table r\u00e9serv\u00e9e.<\/p>\n<p>Choisir Genevaboats pour votre location de bateau \u00e0 Lausanneest synonyme de simplicit\u00e9, ainsi que de pouvoir faire votre choix parmi la plus grande flotte \u00e0 louer sur Lac de Gen\u00e8ve.<\/p>\n","protected":false},"excerpt":{"rendered":"<p>Louer un bateau \u00e0 Lausanne, avec pilote, pour votre croisi\u00e8re priv\u00e9e, est une belle perspective, car la r\u00e9gion du Canton de Vaud offre une grande vari\u00e9t\u00e9 de destinations, avec de superbes panoramas \u00e0 admirer depuis le bateau. Avec vos invit\u00e9s, vos amis, ou en famille, vous d\u00e9couvrirez les impressionnantes chaines de montagne des Alpes Suisses [&hellip;]<\/p>\n","protected":false},"author":1,"featured_media":2569,"parent":884,"menu_order":28,"comment_status":"closed","ping_status":"closed","template":"template-t-standard.php","meta":{"_acf_changed":false,"footnotes":""},"class_list":["post-1205","page","type-page","status-publish","has-post-thumbnail","hentry"],"acf":[],"yoast_head":"<!-- This site is optimized with the Yoast SEO plugin v26.1.1 - https:\/\/yoast.com\/wordpress\/plugins\/seo\/ -->\n<title>Location \u00e0 Lausanne | Location | Genevaboats<\/title>\n<meta name=\"description\" content=\"Location de bateau \u00e0 Lausanne. Location avec ou sans capitaine pour une croisi\u00e8re de loisirs. Venez pratiquer le wakesurf, la p\u00eache, wakeboard ou ski nautique \u00e0 bord d\u2019un de nos yachts ou bateaux \u00e0 moteur.\" \/>\n<meta name=\"robots\" content=\"index, follow, max-snippet:-1, max-image-preview:large, max-video-preview:-1\" \/>\n<link rel=\"canonical\" href=\"https:\/\/genevaboats.com\/fr\/bateaux-location-geneve\/location-bateau-lausanne\/\" \/>\n<meta property=\"og:locale\" content=\"fr_FR\" \/>\n<meta property=\"og:type\" content=\"article\" \/>\n<meta property=\"og:title\" content=\"Location \u00e0 Lausanne | Location | Genevaboats\" \/>\n<meta property=\"og:description\" content=\"Location de bateau \u00e0 Lausanne. Location avec ou sans capitaine pour une croisi\u00e8re de loisirs. Venez pratiquer le wakesurf, la p\u00eache, wakeboard ou ski nautique \u00e0 bord d\u2019un de nos yachts ou bateaux \u00e0 moteur.\" \/>\n<meta property=\"og:url\" content=\"https:\/\/genevaboats.com\/fr\/bateaux-location-geneve\/location-bateau-lausanne\/\" \/>\n<meta property=\"og:site_name\" content=\"genevaboats\" \/>\n<meta property=\"article:publisher\" content=\"https:\/\/www.facebook.com\/genevaboats\" \/>\n<meta property=\"article:modified_time\" content=\"2023-03-02T16:01:15+00:00\" \/>\n<meta property=\"og:image\" content=\"https:\/\/genevaboats.com\/wp-content\/uploads\/2023\/03\/Besau-Rivage_Palace-1024x576-min.png\" \/>\n\t<meta property=\"og:image:width\" content=\"1024\" \/>\n\t<meta property=\"og:image:height\" content=\"576\" \/>\n\t<meta property=\"og:image:type\" content=\"image\/png\" \/>\n<meta name=\"twitter:card\" content=\"summary_large_image\" \/>\n<meta name=\"twitter:label1\" content=\"Dur\u00e9e de lecture estim\u00e9e\" \/>\n\t<meta name=\"twitter:data1\" content=\"2 minutes\" \/>\n<script type=\"application\/ld+json\" class=\"yoast-schema-graph\">{\"@context\":\"https:\/\/schema.org\",\"@graph\":[{\"@type\":\"WebPage\",\"@id\":\"https:\/\/genevaboats.com\/fr\/bateaux-location-geneve\/location-bateau-lausanne\/\",\"url\":\"https:\/\/genevaboats.com\/fr\/bateaux-location-geneve\/location-bateau-lausanne\/\",\"name\":\"Location \u00e0 Lausanne | Location | Genevaboats\",\"isPartOf\":{\"@id\":\"https:\/\/genevaboats.com\/fr\/#website\"},\"primaryImageOfPage\":{\"@id\":\"https:\/\/genevaboats.com\/fr\/bateaux-location-geneve\/location-bateau-lausanne\/#primaryimage\"},\"image\":{\"@id\":\"https:\/\/genevaboats.com\/fr\/bateaux-location-geneve\/location-bateau-lausanne\/#primaryimage\"},\"thumbnailUrl\":\"https:\/\/genevaboats.com\/wp-content\/uploads\/2023\/03\/Besau-Rivage_Palace-1024x576-min.png\",\"datePublished\":\"2020-05-12T14:06:28+00:00\",\"dateModified\":\"2023-03-02T16:01:15+00:00\",\"description\":\"Location de bateau \u00e0 Lausanne. Location avec ou sans capitaine pour une croisi\u00e8re de loisirs. Venez pratiquer le wakesurf, la p\u00eache, wakeboard ou ski nautique \u00e0 bord d\u2019un de nos yachts ou bateaux \u00e0 moteur.\",\"breadcrumb\":{\"@id\":\"https:\/\/genevaboats.com\/fr\/bateaux-location-geneve\/location-bateau-lausanne\/#breadcrumb\"},\"inLanguage\":\"fr-FR\",\"potentialAction\":[{\"@type\":\"ReadAction\",\"target\":[\"https:\/\/genevaboats.com\/fr\/bateaux-location-geneve\/location-bateau-lausanne\/\"]}]},{\"@type\":\"ImageObject\",\"inLanguage\":\"fr-FR\",\"@id\":\"https:\/\/genevaboats.com\/fr\/bateaux-location-geneve\/location-bateau-lausanne\/#primaryimage\",\"url\":\"https:\/\/genevaboats.com\/wp-content\/uploads\/2023\/03\/Besau-Rivage_Palace-1024x576-min.png\",\"contentUrl\":\"https:\/\/genevaboats.com\/wp-content\/uploads\/2023\/03\/Besau-Rivage_Palace-1024x576-min.png\",\"width\":1024,\"height\":576},{\"@type\":\"BreadcrumbList\",\"@id\":\"https:\/\/genevaboats.com\/fr\/bateaux-location-geneve\/location-bateau-lausanne\/#breadcrumb\",\"itemListElement\":[{\"@type\":\"ListItem\",\"position\":1,\"name\":\"Home\",\"item\":\"https:\/\/genevaboats.com\/fr\/\"},{\"@type\":\"ListItem\",\"position\":2,\"name\":\"Location de bateau Lac L\u00e9man\",\"item\":\"https:\/\/genevaboats.com\/fr\/bateaux-location-geneve\/\"},{\"@type\":\"ListItem\",\"position\":3,\"name\":\"Location \u00e0 Lausanne\"}]},{\"@type\":\"WebSite\",\"@id\":\"https:\/\/genevaboats.com\/fr\/#website\",\"url\":\"https:\/\/genevaboats.com\/fr\/\",\"name\":\"genevaboats\",\"description\":\"Genevaboats Website\",\"potentialAction\":[{\"@type\":\"SearchAction\",\"target\":{\"@type\":\"EntryPoint\",\"urlTemplate\":\"https:\/\/genevaboats.com\/fr\/?s={search_term_string}\"},\"query-input\":{\"@type\":\"PropertyValueSpecification\",\"valueRequired\":true,\"valueName\":\"search_term_string\"}}],\"inLanguage\":\"fr-FR\"}]}<\/script>\n<!-- \/ Yoast SEO plugin. -->","yoast_head_json":{"title":"Location \u00e0 Lausanne | Location | Genevaboats","description":"Location de bateau \u00e0 Lausanne. Location avec ou sans capitaine pour une croisi\u00e8re de loisirs. Venez pratiquer le wakesurf, la p\u00eache, wakeboard ou ski nautique \u00e0 bord d\u2019un de nos yachts ou bateaux \u00e0 moteur.","robots":{"index":"index","follow":"follow","max-snippet":"max-snippet:-1","max-image-preview":"max-image-preview:large","max-video-preview":"max-video-preview:-1"},"canonical":"https:\/\/genevaboats.com\/fr\/bateaux-location-geneve\/location-bateau-lausanne\/","og_locale":"fr_FR","og_type":"article","og_title":"Location \u00e0 Lausanne | Location | Genevaboats","og_description":"Location de bateau \u00e0 Lausanne. Location avec ou sans capitaine pour une croisi\u00e8re de loisirs. Venez pratiquer le wakesurf, la p\u00eache, wakeboard ou ski nautique \u00e0 bord d\u2019un de nos yachts ou bateaux \u00e0 moteur.","og_url":"https:\/\/genevaboats.com\/fr\/bateaux-location-geneve\/location-bateau-lausanne\/","og_site_name":"genevaboats","article_publisher":"https:\/\/www.facebook.com\/genevaboats","article_modified_time":"2023-03-02T16:01:15+00:00","og_image":[{"width":1024,"height":576,"url":"https:\/\/genevaboats.com\/wp-content\/uploads\/2023\/03\/Besau-Rivage_Palace-1024x576-min.png","type":"image\/png"}],"twitter_card":"summary_large_image","twitter_misc":{"Dur\u00e9e de lecture estim\u00e9e":"2 minutes"},"schema":{"@context":"https:\/\/schema.org","@graph":[{"@type":"WebPage","@id":"https:\/\/genevaboats.com\/fr\/bateaux-location-geneve\/location-bateau-lausanne\/","url":"https:\/\/genevaboats.com\/fr\/bateaux-location-geneve\/location-bateau-lausanne\/","name":"Location \u00e0 Lausanne | Location | Genevaboats","isPartOf":{"@id":"https:\/\/genevaboats.com\/fr\/#website"},"primaryImageOfPage":{"@id":"https:\/\/genevaboats.com\/fr\/bateaux-location-geneve\/location-bateau-lausanne\/#primaryimage"},"image":{"@id":"https:\/\/genevaboats.com\/fr\/bateaux-location-geneve\/location-bateau-lausanne\/#primaryimage"},"thumbnailUrl":"https:\/\/genevaboats.com\/wp-content\/uploads\/2023\/03\/Besau-Rivage_Palace-1024x576-min.png","datePublished":"2020-05-12T14:06:28+00:00","dateModified":"2023-03-02T16:01:15+00:00","description":"Location de bateau \u00e0 Lausanne. Location avec ou sans capitaine pour une croisi\u00e8re de loisirs. Venez pratiquer le wakesurf, la p\u00eache, wakeboard ou ski nautique \u00e0 bord d\u2019un de nos yachts ou bateaux \u00e0 moteur.","breadcrumb":{"@id":"https:\/\/genevaboats.com\/fr\/bateaux-location-geneve\/location-bateau-lausanne\/#breadcrumb"},"inLanguage":"fr-FR","potentialAction":[{"@type":"ReadAction","target":["https:\/\/genevaboats.com\/fr\/bateaux-location-geneve\/location-bateau-lausanne\/"]}]},{"@type":"ImageObject","inLanguage":"fr-FR","@id":"https:\/\/genevaboats.com\/fr\/bateaux-location-geneve\/location-bateau-lausanne\/#primaryimage","url":"https:\/\/genevaboats.com\/wp-content\/uploads\/2023\/03\/Besau-Rivage_Palace-1024x576-min.png","contentUrl":"https:\/\/genevaboats.com\/wp-content\/uploads\/2023\/03\/Besau-Rivage_Palace-1024x576-min.png","width":1024,"height":576},{"@type":"BreadcrumbList","@id":"https:\/\/genevaboats.com\/fr\/bateaux-location-geneve\/location-bateau-lausanne\/#breadcrumb","itemListElement":[{"@type":"ListItem","position":1,"name":"Home","item":"https:\/\/genevaboats.com\/fr\/"},{"@type":"ListItem","position":2,"name":"Location de bateau Lac L\u00e9man","item":"https:\/\/genevaboats.com\/fr\/bateaux-location-geneve\/"},{"@type":"ListItem","position":3,"name":"Location \u00e0 Lausanne"}]},{"@type":"WebSite","@id":"https:\/\/genevaboats.com\/fr\/#website","url":"https:\/\/genevaboats.com\/fr\/","name":"genevaboats","description":"Genevaboats Website","potentialAction":[{"@type":"SearchAction","target":{"@type":"EntryPoint","urlTemplate":"https:\/\/genevaboats.com\/fr\/?s={search_term_string}"},"query-input":{"@type":"PropertyValueSpecification","valueRequired":true,"valueName":"search_term_string"}}],"inLanguage":"fr-FR"}]}},"_links":{"self":[{"href":"https:\/\/genevaboats.com\/fr\/wp-json\/wp\/v2\/pages\/1205","targetHints":{"allow":["GET"]}}],"collection":[{"href":"https:\/\/genevaboats.com\/fr\/wp-json\/wp\/v2\/pages"}],"about":[{"href":"https:\/\/genevaboats.com\/fr\/wp-json\/wp\/v2\/types\/page"}],"author":[{"embeddable":true,"href":"https:\/\/genevaboats.com\/fr\/wp-json\/wp\/v2\/users\/1"}],"replies":[{"embeddable":true,"href":"https:\/\/genevaboats.com\/fr\/wp-json\/wp\/v2\/comments?post=1205"}],"version-history":[{"count":11,"href":"https:\/\/genevaboats.com\/fr\/wp-json\/wp\/v2\/pages\/1205\/revisions"}],"predecessor-version":[{"id":2035,"href":"https:\/\/genevaboats.com\/fr\/wp-json\/wp\/v2\/pages\/1205\/revisions\/2035"}],"up":[{"embeddable":true,"href":"https:\/\/genevaboats.com\/fr\/wp-json\/wp\/v2\/pages\/884"}],"wp:featuredmedia":[{"embeddable":true,"href":"https:\/\/genevaboats.com\/fr\/wp-json\/wp\/v2\/media\/2569"}],"wp:attachment":[{"href":"https:\/\/genevaboats.com\/fr\/wp-json\/wp\/v2\/media?parent=1205"}],"curies":[{"name":"wp","href":"https:\/\/api.w.org\/{rel}","templated":true}]}}