{"id":1246,"date":"2020-05-19T13:07:00","date_gmt":"2020-05-19T13:07:00","guid":{"rendered":"https:\/\/genevaboats.com\/?page_id=1246"},"modified":"2021-09-17T06:22:13","modified_gmt":"2021-09-17T06:22:13","slug":"location-de-bateau-a-montreux","status":"publish","type":"page","link":"https:\/\/genevaboats.com\/fr\/bateaux-location-geneve\/location-de-bateau-a-montreux\/","title":{"rendered":"Location \u00e0 Montreux"},"content":{"rendered":"<p>Pour votre croisi\u00e8re priv\u00e9e avec pilote, louer un bateau \u00e0 Montreux va vous offrir un beau choix d\u2019activit\u00e9s et de destinations, car cette r\u00e9gion, nomm\u00e9e le Haut-Lac, est riche en d\u00e9couvertes et en superbes panoramas \u00e0 admirer depuis le bateau.<\/p>\n<p>Avec vos invit\u00e9s, vos amis, ou en famille, vous d\u00e9couvrirez les impressionnantes chaines de montagne des Alpes Suisses et Fran\u00e7aises, qui depuis un bateau paraissent incroyablement proches, avec des reliefs tombant \u00e0 pic dans le lac, comme \u00e0 Meillerie et \u00e0 Saint-Gingolph.<\/p>\n<p>En vous dirigeant vers l\u2019est et l\u2019embouchure du Rh\u00f4ne, le fleuve qui alimente le lac, vous passerez devant l\u2019imposant Ch\u00e2teau de Chillon, l\u2019un des ch\u00e2teaux les plus visit\u00e9s de Suisse et du Canton de Vaud, tandis qu\u2019en naviguant vers le sud, vous passerez devant Clarens, et sa c\u00e9l\u00e8bre clinique esth\u00e9tique La Prairie, sp\u00e9cialis\u00e9e dans le rajeunissement, puis ensuite devant Vevey, o\u00f9 se trouve le si\u00e8ge de l\u2019entreprise Nestl\u00e9, visible depuis le bateau, tout comme l\u2019ancienne demeure de Charlie Chaplin, maintenant transform\u00e9e en mus\u00e9e portant le nom de CHAPLIN\u2019S WORLD.<\/p>\n<p>Quant \u00e0 Montreux, nous connaissons tous son MONTREUX JAZZ FESTIVAL, qui a lieu chaque \u00e9t\u00e9, et o\u00f9 se trouve le Mus\u00e9e d\u00e9di\u00e9 au chanteur anglais FREDDIE MERCURY et son groupe QUEEN, \u00e0 visiter absolument par tous les fans de musique rock et pop.<\/p>\n<p>Sur votre bateau de location avec votre pilote vous pourrez aussi profiter des sports nautiques et activit\u00e9s que nous proposons, comme le wakeboard, le ski nautique, la baignade, la p\u00eache, ainsi que de visites \u00e0 terre de ch\u00e2teaux et mus\u00e9es, ou encore d\u2019un d\u00e9jeuner ou diner sur le bateau, ou \u00e0 un restaurant du bord du lac, avec une r\u00e9servation.<\/p>\n<p>Choisir GENEVABOATS pour votre location de bateau \u00e0 Montreux est synonyme de simplicit\u00e9, ainsi que de pouvoir faire votre choix parmi la plus grande flotte \u00e0 louer sur le Lac de Gen\u00e8ve.<\/p>\n","protected":false},"excerpt":{"rendered":"<p>Pour votre croisi\u00e8re priv\u00e9e avec pilote, louer un bateau \u00e0 Montreux va vous offrir un beau choix d\u2019activit\u00e9s et de destinations, car cette r\u00e9gion, nomm\u00e9e le Haut-Lac, est riche en d\u00e9couvertes et en superbes panoramas \u00e0 admirer depuis le bateau. Avec vos invit\u00e9s, vos amis, ou en famille, vous d\u00e9couvrirez les impressionnantes chaines de montagne [&hellip;]<\/p>\n","protected":false},"author":1,"featured_media":711,"parent":884,"menu_order":22,"comment_status":"closed","ping_status":"closed","template":"template-t-standard.php","meta":{"_acf_changed":false,"footnotes":""},"class_list":["post-1246","page","type-page","status-publish","has-post-thumbnail","hentry"],"acf":[],"yoast_head":"<!-- This site is optimized with the Yoast SEO plugin v26.1.1 - https:\/\/yoast.com\/wordpress\/plugins\/seo\/ -->\n<title>Location \u00e0 Montreux - genevaboats<\/title>\n<meta name=\"description\" content=\"Louez un bateau ou yacht avec capitaine au d\u00e9part de Montreux et naviguez sur les eaux du Lac L\u00e9man en Suisse pour d\u00e9couvrir la r\u00e9gion du Lavaux. Large gamme de bateaux \u00e0 louer.\" \/>\n<meta name=\"robots\" content=\"index, follow, max-snippet:-1, max-image-preview:large, max-video-preview:-1\" \/>\n<link rel=\"canonical\" href=\"https:\/\/genevaboats.com\/fr\/bateaux-location-geneve\/location-de-bateau-a-montreux\/\" \/>\n<meta property=\"og:locale\" content=\"fr_FR\" \/>\n<meta property=\"og:type\" content=\"article\" \/>\n<meta property=\"og:title\" content=\"Location \u00e0 Montreux - genevaboats\" \/>\n<meta property=\"og:description\" content=\"Louez un bateau ou yacht avec capitaine au d\u00e9part de Montreux et naviguez sur les eaux du Lac L\u00e9man en Suisse pour d\u00e9couvrir la r\u00e9gion du Lavaux. Large gamme de bateaux \u00e0 louer.\" \/>\n<meta property=\"og:url\" content=\"https:\/\/genevaboats.com\/fr\/bateaux-location-geneve\/location-de-bateau-a-montreux\/\" \/>\n<meta property=\"og:site_name\" content=\"genevaboats\" \/>\n<meta property=\"article:publisher\" content=\"https:\/\/www.facebook.com\/genevaboats\" \/>\n<meta property=\"article:modified_time\" content=\"2021-09-17T06:22:13+00:00\" \/>\n<meta property=\"og:image\" content=\"https:\/\/genevaboats.com\/wp-content\/uploads\/2019\/05\/montreux02-r.jpg\" \/>\n\t<meta property=\"og:image:width\" content=\"1920\" \/>\n\t<meta property=\"og:image:height\" content=\"995\" \/>\n\t<meta property=\"og:image:type\" content=\"image\/jpeg\" \/>\n<meta name=\"twitter:card\" content=\"summary_large_image\" \/>\n<meta name=\"twitter:label1\" content=\"Dur\u00e9e de lecture estim\u00e9e\" \/>\n\t<meta name=\"twitter:data1\" content=\"2 minutes\" \/>\n<script type=\"application\/ld+json\" class=\"yoast-schema-graph\">{\"@context\":\"https:\/\/schema.org\",\"@graph\":[{\"@type\":\"WebPage\",\"@id\":\"https:\/\/genevaboats.com\/fr\/bateaux-location-geneve\/location-de-bateau-a-montreux\/\",\"url\":\"https:\/\/genevaboats.com\/fr\/bateaux-location-geneve\/location-de-bateau-a-montreux\/\",\"name\":\"Location \u00e0 Montreux - genevaboats\",\"isPartOf\":{\"@id\":\"https:\/\/genevaboats.com\/fr\/#website\"},\"primaryImageOfPage\":{\"@id\":\"https:\/\/genevaboats.com\/fr\/bateaux-location-geneve\/location-de-bateau-a-montreux\/#primaryimage\"},\"image\":{\"@id\":\"https:\/\/genevaboats.com\/fr\/bateaux-location-geneve\/location-de-bateau-a-montreux\/#primaryimage\"},\"thumbnailUrl\":\"https:\/\/genevaboats.com\/wp-content\/uploads\/2019\/05\/montreux02-r.jpg\",\"datePublished\":\"2020-05-19T13:07:00+00:00\",\"dateModified\":\"2021-09-17T06:22:13+00:00\",\"description\":\"Louez un bateau ou yacht avec capitaine au d\u00e9part de Montreux et naviguez sur les eaux du Lac L\u00e9man en Suisse pour d\u00e9couvrir la r\u00e9gion du Lavaux. Large gamme de bateaux \u00e0 louer.\",\"breadcrumb\":{\"@id\":\"https:\/\/genevaboats.com\/fr\/bateaux-location-geneve\/location-de-bateau-a-montreux\/#breadcrumb\"},\"inLanguage\":\"fr-FR\",\"potentialAction\":[{\"@type\":\"ReadAction\",\"target\":[\"https:\/\/genevaboats.com\/fr\/bateaux-location-geneve\/location-de-bateau-a-montreux\/\"]}]},{\"@type\":\"ImageObject\",\"inLanguage\":\"fr-FR\",\"@id\":\"https:\/\/genevaboats.com\/fr\/bateaux-location-geneve\/location-de-bateau-a-montreux\/#primaryimage\",\"url\":\"https:\/\/genevaboats.com\/wp-content\/uploads\/2019\/05\/montreux02-r.jpg\",\"contentUrl\":\"https:\/\/genevaboats.com\/wp-content\/uploads\/2019\/05\/montreux02-r.jpg\",\"width\":1920,\"height\":995,\"caption\":\"Vignobles du Lavaux & Lac de Gen\u00e8ve\"},{\"@type\":\"BreadcrumbList\",\"@id\":\"https:\/\/genevaboats.com\/fr\/bateaux-location-geneve\/location-de-bateau-a-montreux\/#breadcrumb\",\"itemListElement\":[{\"@type\":\"ListItem\",\"position\":1,\"name\":\"Home\",\"item\":\"https:\/\/genevaboats.com\/fr\/\"},{\"@type\":\"ListItem\",\"position\":2,\"name\":\"Location de bateau Lac L\u00e9man\",\"item\":\"https:\/\/genevaboats.com\/fr\/bateaux-location-geneve\/\"},{\"@type\":\"ListItem\",\"position\":3,\"name\":\"Location \u00e0 Montreux\"}]},{\"@type\":\"WebSite\",\"@id\":\"https:\/\/genevaboats.com\/fr\/#website\",\"url\":\"https:\/\/genevaboats.com\/fr\/\",\"name\":\"genevaboats\",\"description\":\"Genevaboats Website\",\"potentialAction\":[{\"@type\":\"SearchAction\",\"target\":{\"@type\":\"EntryPoint\",\"urlTemplate\":\"https:\/\/genevaboats.com\/fr\/?s={search_term_string}\"},\"query-input\":{\"@type\":\"PropertyValueSpecification\",\"valueRequired\":true,\"valueName\":\"search_term_string\"}}],\"inLanguage\":\"fr-FR\"}]}<\/script>\n<!-- \/ Yoast SEO plugin. -->","yoast_head_json":{"title":"Location \u00e0 Montreux - genevaboats","description":"Louez un bateau ou yacht avec capitaine au d\u00e9part de Montreux et naviguez sur les eaux du Lac L\u00e9man en Suisse pour d\u00e9couvrir la r\u00e9gion du Lavaux. Large gamme de bateaux \u00e0 louer.","robots":{"index":"index","follow":"follow","max-snippet":"max-snippet:-1","max-image-preview":"max-image-preview:large","max-video-preview":"max-video-preview:-1"},"canonical":"https:\/\/genevaboats.com\/fr\/bateaux-location-geneve\/location-de-bateau-a-montreux\/","og_locale":"fr_FR","og_type":"article","og_title":"Location \u00e0 Montreux - genevaboats","og_description":"Louez un bateau ou yacht avec capitaine au d\u00e9part de Montreux et naviguez sur les eaux du Lac L\u00e9man en Suisse pour d\u00e9couvrir la r\u00e9gion du Lavaux. Large gamme de bateaux \u00e0 louer.","og_url":"https:\/\/genevaboats.com\/fr\/bateaux-location-geneve\/location-de-bateau-a-montreux\/","og_site_name":"genevaboats","article_publisher":"https:\/\/www.facebook.com\/genevaboats","article_modified_time":"2021-09-17T06:22:13+00:00","og_image":[{"width":1920,"height":995,"url":"https:\/\/genevaboats.com\/wp-content\/uploads\/2019\/05\/montreux02-r.jpg","type":"image\/jpeg"}],"twitter_card":"summary_large_image","twitter_misc":{"Dur\u00e9e de lecture estim\u00e9e":"2 minutes"},"schema":{"@context":"https:\/\/schema.org","@graph":[{"@type":"WebPage","@id":"https:\/\/genevaboats.com\/fr\/bateaux-location-geneve\/location-de-bateau-a-montreux\/","url":"https:\/\/genevaboats.com\/fr\/bateaux-location-geneve\/location-de-bateau-a-montreux\/","name":"Location \u00e0 Montreux - genevaboats","isPartOf":{"@id":"https:\/\/genevaboats.com\/fr\/#website"},"primaryImageOfPage":{"@id":"https:\/\/genevaboats.com\/fr\/bateaux-location-geneve\/location-de-bateau-a-montreux\/#primaryimage"},"image":{"@id":"https:\/\/genevaboats.com\/fr\/bateaux-location-geneve\/location-de-bateau-a-montreux\/#primaryimage"},"thumbnailUrl":"https:\/\/genevaboats.com\/wp-content\/uploads\/2019\/05\/montreux02-r.jpg","datePublished":"2020-05-19T13:07:00+00:00","dateModified":"2021-09-17T06:22:13+00:00","description":"Louez un bateau ou yacht avec capitaine au d\u00e9part de Montreux et naviguez sur les eaux du Lac L\u00e9man en Suisse pour d\u00e9couvrir la r\u00e9gion du Lavaux. Large gamme de bateaux \u00e0 louer.","breadcrumb":{"@id":"https:\/\/genevaboats.com\/fr\/bateaux-location-geneve\/location-de-bateau-a-montreux\/#breadcrumb"},"inLanguage":"fr-FR","potentialAction":[{"@type":"ReadAction","target":["https:\/\/genevaboats.com\/fr\/bateaux-location-geneve\/location-de-bateau-a-montreux\/"]}]},{"@type":"ImageObject","inLanguage":"fr-FR","@id":"https:\/\/genevaboats.com\/fr\/bateaux-location-geneve\/location-de-bateau-a-montreux\/#primaryimage","url":"https:\/\/genevaboats.com\/wp-content\/uploads\/2019\/05\/montreux02-r.jpg","contentUrl":"https:\/\/genevaboats.com\/wp-content\/uploads\/2019\/05\/montreux02-r.jpg","width":1920,"height":995,"caption":"Vignobles du Lavaux & Lac de Gen\u00e8ve"},{"@type":"BreadcrumbList","@id":"https:\/\/genevaboats.com\/fr\/bateaux-location-geneve\/location-de-bateau-a-montreux\/#breadcrumb","itemListElement":[{"@type":"ListItem","position":1,"name":"Home","item":"https:\/\/genevaboats.com\/fr\/"},{"@type":"ListItem","position":2,"name":"Location de bateau Lac L\u00e9man","item":"https:\/\/genevaboats.com\/fr\/bateaux-location-geneve\/"},{"@type":"ListItem","position":3,"name":"Location \u00e0 Montreux"}]},{"@type":"WebSite","@id":"https:\/\/genevaboats.com\/fr\/#website","url":"https:\/\/genevaboats.com\/fr\/","name":"genevaboats","description":"Genevaboats Website","potentialAction":[{"@type":"SearchAction","target":{"@type":"EntryPoint","urlTemplate":"https:\/\/genevaboats.com\/fr\/?s={search_term_string}"},"query-input":{"@type":"PropertyValueSpecification","valueRequired":true,"valueName":"search_term_string"}}],"inLanguage":"fr-FR"}]}},"_links":{"self":[{"href":"https:\/\/genevaboats.com\/fr\/wp-json\/wp\/v2\/pages\/1246","targetHints":{"allow":["GET"]}}],"collection":[{"href":"https:\/\/genevaboats.com\/fr\/wp-json\/wp\/v2\/pages"}],"about":[{"href":"https:\/\/genevaboats.com\/fr\/wp-json\/wp\/v2\/types\/page"}],"author":[{"embeddable":true,"href":"https:\/\/genevaboats.com\/fr\/wp-json\/wp\/v2\/users\/1"}],"replies":[{"embeddable":true,"href":"https:\/\/genevaboats.com\/fr\/wp-json\/wp\/v2\/comments?post=1246"}],"version-history":[{"count":12,"href":"https:\/\/genevaboats.com\/fr\/wp-json\/wp\/v2\/pages\/1246\/revisions"}],"predecessor-version":[{"id":2028,"href":"https:\/\/genevaboats.com\/fr\/wp-json\/wp\/v2\/pages\/1246\/revisions\/2028"}],"up":[{"embeddable":true,"href":"https:\/\/genevaboats.com\/fr\/wp-json\/wp\/v2\/pages\/884"}],"wp:featuredmedia":[{"embeddable":true,"href":"https:\/\/genevaboats.com\/fr\/wp-json\/wp\/v2\/media\/711"}],"wp:attachment":[{"href":"https:\/\/genevaboats.com\/fr\/wp-json\/wp\/v2\/media?parent=1246"}],"curies":[{"name":"wp","href":"https:\/\/api.w.org\/{rel}","templated":true}]}}