{"id":1257,"date":"2020-05-20T15:53:35","date_gmt":"2020-05-20T15:53:35","guid":{"rendered":"https:\/\/genevaboats.com\/?page_id=1257"},"modified":"2021-09-17T06:23:16","modified_gmt":"2021-09-17T06:23:16","slug":"location-de-bateau-a-geneve","status":"publish","type":"page","link":"https:\/\/genevaboats.com\/fr\/bateaux-location-geneve\/location-de-bateau-a-geneve\/","title":{"rendered":"Location \u00e0 Gen\u00e8ve"},"content":{"rendered":"<p>Louer un bateau \u00e0 Gen\u00e8ve, avec pilote ou skipper, pour votre croisi\u00e8re priv\u00e9e, vous emm\u00e8nera avec vos invit\u00e9s, vos amis, ou votre famille, \u00e0 la d\u00e9couverte des montagnes du Jura et des Alpes, ainsi que sur les magnifiques rives du lac, qui vues depuis un bateau, deviennent de superbes panoramas.<\/p>\n<p>D\u2019abord, vous serez enchant\u00e9s de voir la Cit\u00e9 de Gen\u00e8ve et son principal embl\u00e8me la Cath\u00e9drale Saint-Pierre, mais aussi son fameux Jet d\u2019Eau, qui s\u2019\u00e9l\u00e8ve \u00e0 plus de 140 m\u00e8tres au-dessus du niveau du lac, ou encore les tr\u00e8s populaires Bains Des P\u00e2quis, la plage publique qui a tant de succ\u00e8s, et qui se trouve sur la jet\u00e9e du phare.<\/p>\n<p>Un peu plus loin sur le lac, vous verrez de grands immeubles et de c\u00e9l\u00e8bres r\u00e9sidences, parmi lesquels les Nations Unies, l\u2019Organisation Mondial du Commerce, le World Economic Forum, ainsi que le Ch\u00e2teau de Pregny, \u00e9galement appel\u00e9 Ch\u00e2teau Rothschild, et le Ch\u00e2teau de Bellerive, qui autrefois a \u00e9t\u00e9 la r\u00e9sidence du Prince Saddrudin Aga Khan, tout comme la fameuse Villa Diodati, bien visible sur le c\u00f4teau de Cologny, dans laquelle Mary Shelley a \u00e9crit le roman de Frankenstein.<\/p>\n<p>A petite vitesse de croisi\u00e8re, vous allez appr\u00e9cier la vue sur les sommets enneig\u00e9s de la plus haute montagne d\u2019Europe, le Mont-Blanc, mais aussi l\u2019abondance des arbres et de la v\u00e9g\u00e9tation et sa myriade de belles et charmantes maisons.<\/p>\n<p>Quand l\u2019eau sera assez chaude, vous pourrez arr\u00eater le bateau pour vous baigner dans l\u2019eau cristalline du lac L\u00e9man, afin de vous ouvrir l\u2019app\u00e9tit avant de vous diriger vers un des meilleurs restaurants que l\u2019on trouve sur les rives, comme le fameuse table gastronomique du Floris \u00e0 Ani\u00e8res, dont la longue terrasse sur\u00e9lev\u00e9e offre une spectaculaire sur le lac, ou le tr\u00e8s r\u00e9put\u00e9 restaurant de l\u2019H\u00f4tel du Port \u00e0 Yvoire, situ\u00e9 sur la rive fran\u00e7aise, sp\u00e9cialis\u00e9 en poissons frais du lac, un haut-lieu \u00e0 visiter avec son Ch\u00e2teau, son Jardin des senteurs, et son c\u00e9l\u00e8bre village m\u00e9di\u00e9val. Ou encore \u00e0 l\u2019Auberge d\u2019Hermance, courue pour sa terrasse fleurie.<\/p>\n<p>Mais quel que soit le bateau que vous allez louer chez Genevaboats, \u00e0 voile ou \u00e0 moteur, grand yacht ou petit bateau, pour une grande ou une petite croisi\u00e8re, nous vous offrirons toutes nos activit\u00e9s nautiques, comme la p\u00eache, le wakeboard, le ski nautique, la baignade, manger \u00e0 bord du bateau ou \u00e0 terre, ou encore visiter les haut-lieux touristiques, comme les ch\u00e2teaux et mus\u00e9es sur les rives du lac.<\/p>\n<p>Choisir Genevaboats pour louer un bateau \u00e0 Gen\u00e8ve est synonyme de simplicit\u00e9, ainsi que de faire votre choix parmi la plus grande flotte \u00e0 louer sur le Lac de Gen\u00e8ve.<\/p>\n","protected":false},"excerpt":{"rendered":"<p>Louer un bateau \u00e0 Gen\u00e8ve, avec pilote ou skipper, pour votre croisi\u00e8re priv\u00e9e, vous emm\u00e8nera avec vos invit\u00e9s, vos amis, ou votre famille, \u00e0 la d\u00e9couverte des montagnes du Jura et des Alpes, ainsi que sur les magnifiques rives du lac, qui vues depuis un bateau, deviennent de superbes panoramas. D\u2019abord, vous serez enchant\u00e9s de [&hellip;]<\/p>\n","protected":false},"author":1,"featured_media":812,"parent":884,"menu_order":25,"comment_status":"closed","ping_status":"closed","template":"template-t-standard.php","meta":{"_acf_changed":false,"footnotes":""},"class_list":["post-1257","page","type-page","status-publish","has-post-thumbnail","hentry"],"acf":[],"yoast_head":"<!-- This site is optimized with the Yoast SEO plugin v26.1.1 - https:\/\/yoast.com\/wordpress\/plugins\/seo\/ -->\n<title>Location \u00e0 Gen\u00e8ve - genevaboats<\/title>\n<meta name=\"description\" content=\"Location de bateaux et yachts \u00e0 Gen\u00e8ve sur le Lac L\u00e9man. Navigation sur le lac avec activit\u00e9 de wakeboard, wakesurf, ski nautique, p\u00eache et balade.\" \/>\n<meta name=\"robots\" content=\"index, follow, max-snippet:-1, max-image-preview:large, max-video-preview:-1\" \/>\n<link rel=\"canonical\" href=\"https:\/\/genevaboats.com\/fr\/bateaux-location-geneve\/location-de-bateau-a-geneve\/\" \/>\n<meta property=\"og:locale\" content=\"fr_FR\" \/>\n<meta property=\"og:type\" content=\"article\" \/>\n<meta property=\"og:title\" content=\"Location \u00e0 Gen\u00e8ve - genevaboats\" \/>\n<meta property=\"og:description\" content=\"Location de bateaux et yachts \u00e0 Gen\u00e8ve sur le Lac L\u00e9man. Navigation sur le lac avec activit\u00e9 de wakeboard, wakesurf, ski nautique, p\u00eache et balade.\" \/>\n<meta property=\"og:url\" content=\"https:\/\/genevaboats.com\/fr\/bateaux-location-geneve\/location-de-bateau-a-geneve\/\" \/>\n<meta property=\"og:site_name\" content=\"genevaboats\" \/>\n<meta property=\"article:publisher\" content=\"https:\/\/www.facebook.com\/genevaboats\" \/>\n<meta property=\"article:modified_time\" content=\"2021-09-17T06:23:16+00:00\" \/>\n<meta property=\"og:image\" content=\"https:\/\/genevaboats.com\/wp-content\/uploads\/2019\/08\/restaurant-auberge-hermance-r.jpg\" \/>\n\t<meta property=\"og:image:width\" content=\"3050\" \/>\n\t<meta property=\"og:image:height\" content=\"1580\" \/>\n\t<meta property=\"og:image:type\" content=\"image\/jpeg\" \/>\n<meta name=\"twitter:card\" content=\"summary_large_image\" \/>\n<meta name=\"twitter:label1\" content=\"Dur\u00e9e de lecture estim\u00e9e\" \/>\n\t<meta name=\"twitter:data1\" content=\"2 minutes\" \/>\n<script type=\"application\/ld+json\" class=\"yoast-schema-graph\">{\"@context\":\"https:\/\/schema.org\",\"@graph\":[{\"@type\":\"WebPage\",\"@id\":\"https:\/\/genevaboats.com\/fr\/bateaux-location-geneve\/location-de-bateau-a-geneve\/\",\"url\":\"https:\/\/genevaboats.com\/fr\/bateaux-location-geneve\/location-de-bateau-a-geneve\/\",\"name\":\"Location \u00e0 Gen\u00e8ve - genevaboats\",\"isPartOf\":{\"@id\":\"https:\/\/genevaboats.com\/fr\/#website\"},\"primaryImageOfPage\":{\"@id\":\"https:\/\/genevaboats.com\/fr\/bateaux-location-geneve\/location-de-bateau-a-geneve\/#primaryimage\"},\"image\":{\"@id\":\"https:\/\/genevaboats.com\/fr\/bateaux-location-geneve\/location-de-bateau-a-geneve\/#primaryimage\"},\"thumbnailUrl\":\"https:\/\/genevaboats.com\/wp-content\/uploads\/2019\/08\/restaurant-auberge-hermance-r.jpg\",\"datePublished\":\"2020-05-20T15:53:35+00:00\",\"dateModified\":\"2021-09-17T06:23:16+00:00\",\"description\":\"Location de bateaux et yachts \u00e0 Gen\u00e8ve sur le Lac L\u00e9man. Navigation sur le lac avec activit\u00e9 de wakeboard, wakesurf, ski nautique, p\u00eache et balade.\",\"breadcrumb\":{\"@id\":\"https:\/\/genevaboats.com\/fr\/bateaux-location-geneve\/location-de-bateau-a-geneve\/#breadcrumb\"},\"inLanguage\":\"fr-FR\",\"potentialAction\":[{\"@type\":\"ReadAction\",\"target\":[\"https:\/\/genevaboats.com\/fr\/bateaux-location-geneve\/location-de-bateau-a-geneve\/\"]}]},{\"@type\":\"ImageObject\",\"inLanguage\":\"fr-FR\",\"@id\":\"https:\/\/genevaboats.com\/fr\/bateaux-location-geneve\/location-de-bateau-a-geneve\/#primaryimage\",\"url\":\"https:\/\/genevaboats.com\/wp-content\/uploads\/2019\/08\/restaurant-auberge-hermance-r.jpg\",\"contentUrl\":\"https:\/\/genevaboats.com\/wp-content\/uploads\/2019\/08\/restaurant-auberge-hermance-r.jpg\",\"width\":3050,\"height\":1580,\"caption\":\"L'Auberge d'Hermance | Hermance\"},{\"@type\":\"BreadcrumbList\",\"@id\":\"https:\/\/genevaboats.com\/fr\/bateaux-location-geneve\/location-de-bateau-a-geneve\/#breadcrumb\",\"itemListElement\":[{\"@type\":\"ListItem\",\"position\":1,\"name\":\"Home\",\"item\":\"https:\/\/genevaboats.com\/fr\/\"},{\"@type\":\"ListItem\",\"position\":2,\"name\":\"Location de bateau Lac L\u00e9man\",\"item\":\"https:\/\/genevaboats.com\/fr\/bateaux-location-geneve\/\"},{\"@type\":\"ListItem\",\"position\":3,\"name\":\"Location \u00e0 Gen\u00e8ve\"}]},{\"@type\":\"WebSite\",\"@id\":\"https:\/\/genevaboats.com\/fr\/#website\",\"url\":\"https:\/\/genevaboats.com\/fr\/\",\"name\":\"genevaboats\",\"description\":\"Genevaboats Website\",\"potentialAction\":[{\"@type\":\"SearchAction\",\"target\":{\"@type\":\"EntryPoint\",\"urlTemplate\":\"https:\/\/genevaboats.com\/fr\/?s={search_term_string}\"},\"query-input\":{\"@type\":\"PropertyValueSpecification\",\"valueRequired\":true,\"valueName\":\"search_term_string\"}}],\"inLanguage\":\"fr-FR\"}]}<\/script>\n<!-- \/ Yoast SEO plugin. -->","yoast_head_json":{"title":"Location \u00e0 Gen\u00e8ve - genevaboats","description":"Location de bateaux et yachts \u00e0 Gen\u00e8ve sur le Lac L\u00e9man. Navigation sur le lac avec activit\u00e9 de wakeboard, wakesurf, ski nautique, p\u00eache et balade.","robots":{"index":"index","follow":"follow","max-snippet":"max-snippet:-1","max-image-preview":"max-image-preview:large","max-video-preview":"max-video-preview:-1"},"canonical":"https:\/\/genevaboats.com\/fr\/bateaux-location-geneve\/location-de-bateau-a-geneve\/","og_locale":"fr_FR","og_type":"article","og_title":"Location \u00e0 Gen\u00e8ve - genevaboats","og_description":"Location de bateaux et yachts \u00e0 Gen\u00e8ve sur le Lac L\u00e9man. Navigation sur le lac avec activit\u00e9 de wakeboard, wakesurf, ski nautique, p\u00eache et balade.","og_url":"https:\/\/genevaboats.com\/fr\/bateaux-location-geneve\/location-de-bateau-a-geneve\/","og_site_name":"genevaboats","article_publisher":"https:\/\/www.facebook.com\/genevaboats","article_modified_time":"2021-09-17T06:23:16+00:00","og_image":[{"width":3050,"height":1580,"url":"https:\/\/genevaboats.com\/wp-content\/uploads\/2019\/08\/restaurant-auberge-hermance-r.jpg","type":"image\/jpeg"}],"twitter_card":"summary_large_image","twitter_misc":{"Dur\u00e9e de lecture estim\u00e9e":"2 minutes"},"schema":{"@context":"https:\/\/schema.org","@graph":[{"@type":"WebPage","@id":"https:\/\/genevaboats.com\/fr\/bateaux-location-geneve\/location-de-bateau-a-geneve\/","url":"https:\/\/genevaboats.com\/fr\/bateaux-location-geneve\/location-de-bateau-a-geneve\/","name":"Location \u00e0 Gen\u00e8ve - genevaboats","isPartOf":{"@id":"https:\/\/genevaboats.com\/fr\/#website"},"primaryImageOfPage":{"@id":"https:\/\/genevaboats.com\/fr\/bateaux-location-geneve\/location-de-bateau-a-geneve\/#primaryimage"},"image":{"@id":"https:\/\/genevaboats.com\/fr\/bateaux-location-geneve\/location-de-bateau-a-geneve\/#primaryimage"},"thumbnailUrl":"https:\/\/genevaboats.com\/wp-content\/uploads\/2019\/08\/restaurant-auberge-hermance-r.jpg","datePublished":"2020-05-20T15:53:35+00:00","dateModified":"2021-09-17T06:23:16+00:00","description":"Location de bateaux et yachts \u00e0 Gen\u00e8ve sur le Lac L\u00e9man. Navigation sur le lac avec activit\u00e9 de wakeboard, wakesurf, ski nautique, p\u00eache et balade.","breadcrumb":{"@id":"https:\/\/genevaboats.com\/fr\/bateaux-location-geneve\/location-de-bateau-a-geneve\/#breadcrumb"},"inLanguage":"fr-FR","potentialAction":[{"@type":"ReadAction","target":["https:\/\/genevaboats.com\/fr\/bateaux-location-geneve\/location-de-bateau-a-geneve\/"]}]},{"@type":"ImageObject","inLanguage":"fr-FR","@id":"https:\/\/genevaboats.com\/fr\/bateaux-location-geneve\/location-de-bateau-a-geneve\/#primaryimage","url":"https:\/\/genevaboats.com\/wp-content\/uploads\/2019\/08\/restaurant-auberge-hermance-r.jpg","contentUrl":"https:\/\/genevaboats.com\/wp-content\/uploads\/2019\/08\/restaurant-auberge-hermance-r.jpg","width":3050,"height":1580,"caption":"L'Auberge d'Hermance | Hermance"},{"@type":"BreadcrumbList","@id":"https:\/\/genevaboats.com\/fr\/bateaux-location-geneve\/location-de-bateau-a-geneve\/#breadcrumb","itemListElement":[{"@type":"ListItem","position":1,"name":"Home","item":"https:\/\/genevaboats.com\/fr\/"},{"@type":"ListItem","position":2,"name":"Location de bateau Lac L\u00e9man","item":"https:\/\/genevaboats.com\/fr\/bateaux-location-geneve\/"},{"@type":"ListItem","position":3,"name":"Location \u00e0 Gen\u00e8ve"}]},{"@type":"WebSite","@id":"https:\/\/genevaboats.com\/fr\/#website","url":"https:\/\/genevaboats.com\/fr\/","name":"genevaboats","description":"Genevaboats Website","potentialAction":[{"@type":"SearchAction","target":{"@type":"EntryPoint","urlTemplate":"https:\/\/genevaboats.com\/fr\/?s={search_term_string}"},"query-input":{"@type":"PropertyValueSpecification","valueRequired":true,"valueName":"search_term_string"}}],"inLanguage":"fr-FR"}]}},"_links":{"self":[{"href":"https:\/\/genevaboats.com\/fr\/wp-json\/wp\/v2\/pages\/1257","targetHints":{"allow":["GET"]}}],"collection":[{"href":"https:\/\/genevaboats.com\/fr\/wp-json\/wp\/v2\/pages"}],"about":[{"href":"https:\/\/genevaboats.com\/fr\/wp-json\/wp\/v2\/types\/page"}],"author":[{"embeddable":true,"href":"https:\/\/genevaboats.com\/fr\/wp-json\/wp\/v2\/users\/1"}],"replies":[{"embeddable":true,"href":"https:\/\/genevaboats.com\/fr\/wp-json\/wp\/v2\/comments?post=1257"}],"version-history":[{"count":12,"href":"https:\/\/genevaboats.com\/fr\/wp-json\/wp\/v2\/pages\/1257\/revisions"}],"predecessor-version":[{"id":2036,"href":"https:\/\/genevaboats.com\/fr\/wp-json\/wp\/v2\/pages\/1257\/revisions\/2036"}],"up":[{"embeddable":true,"href":"https:\/\/genevaboats.com\/fr\/wp-json\/wp\/v2\/pages\/884"}],"wp:featuredmedia":[{"embeddable":true,"href":"https:\/\/genevaboats.com\/fr\/wp-json\/wp\/v2\/media\/812"}],"wp:attachment":[{"href":"https:\/\/genevaboats.com\/fr\/wp-json\/wp\/v2\/media?parent=1257"}],"curies":[{"name":"wp","href":"https:\/\/api.w.org\/{rel}","templated":true}]}}