{"id":3439,"date":"2019-08-08T11:18:56","date_gmt":"2019-08-08T11:18:56","guid":{"rendered":"https:\/\/genevaboats.com\/cruises-geneva\/"},"modified":"2024-09-11T10:08:56","modified_gmt":"2024-09-11T10:08:56","slug":"croisieres-privees","status":"publish","type":"page","link":"https:\/\/genevaboats.com\/fr\/croisieres-privees\/","title":{"rendered":"Croisi\u00e8res priv\u00e9es"},"content":{"rendered":"","protected":false},"excerpt":{"rendered":"","protected":false},"author":1,"featured_media":0,"parent":0,"menu_order":41,"comment_status":"closed","ping_status":"closed","template":"template-t-private-cruises.php","meta":{"_acf_changed":false,"footnotes":""},"class_list":["post-3439","page","type-page","status-publish","hentry"],"acf":[],"yoast_head":"<!-- This site is optimized with the Yoast SEO plugin v26.1.1 - https:\/\/yoast.com\/wordpress\/plugins\/seo\/ -->\n<title>Croisi\u00e8re sur le Lac L\u00e9man - Croisi\u00e8re priv\u00e9e | Genevaboats<\/title>\n<meta name=\"description\" content=\"Rent a boat and go to discover the Lake Geneva. Choose a destination like Yvoire and his castle, the Lavaux with the beautiful Wineyard, have a stop in the restaurant by the lake or get ready for the summer fireworks.\" \/>\n<meta name=\"robots\" content=\"index, follow, max-snippet:-1, max-image-preview:large, max-video-preview:-1\" \/>\n<link rel=\"canonical\" href=\"https:\/\/genevaboats.com\/fr\/croisieres-privees\/\" \/>\n<meta property=\"og:locale\" content=\"fr_FR\" \/>\n<meta property=\"og:type\" content=\"article\" \/>\n<meta property=\"og:title\" content=\"Croisi\u00e8re sur le Lac L\u00e9man - Croisi\u00e8re priv\u00e9e | Genevaboats\" \/>\n<meta property=\"og:description\" content=\"Rent a boat and go to discover the Lake Geneva. Choose a destination like Yvoire and his castle, the Lavaux with the beautiful Wineyard, have a stop in the restaurant by the lake or get ready for the summer fireworks.\" \/>\n<meta property=\"og:url\" content=\"https:\/\/genevaboats.com\/fr\/croisieres-privees\/\" \/>\n<meta property=\"og:site_name\" content=\"genevaboats\" \/>\n<meta property=\"article:publisher\" content=\"https:\/\/www.facebook.com\/genevaboats\" \/>\n<meta property=\"article:modified_time\" content=\"2024-09-11T10:08:56+00:00\" \/>\n<meta name=\"twitter:card\" content=\"summary_large_image\" \/>\n<script type=\"application\/ld+json\" class=\"yoast-schema-graph\">{\"@context\":\"https:\/\/schema.org\",\"@graph\":[{\"@type\":\"WebPage\",\"@id\":\"https:\/\/genevaboats.com\/fr\/croisieres-privees\/\",\"url\":\"https:\/\/genevaboats.com\/fr\/croisieres-privees\/\",\"name\":\"Croisi\u00e8re sur le Lac L\u00e9man - Croisi\u00e8re priv\u00e9e | Genevaboats\",\"isPartOf\":{\"@id\":\"https:\/\/genevaboats.com\/fr\/#website\"},\"datePublished\":\"2019-08-08T11:18:56+00:00\",\"dateModified\":\"2024-09-11T10:08:56+00:00\",\"description\":\"Rent a boat and go to discover the Lake Geneva. Choose a destination like Yvoire and his castle, the Lavaux with the beautiful Wineyard, have a stop in the restaurant by the lake or get ready for the summer fireworks.\",\"breadcrumb\":{\"@id\":\"https:\/\/genevaboats.com\/fr\/croisieres-privees\/#breadcrumb\"},\"inLanguage\":\"fr-FR\",\"potentialAction\":[{\"@type\":\"ReadAction\",\"target\":[\"https:\/\/genevaboats.com\/fr\/croisieres-privees\/\"]}]},{\"@type\":\"BreadcrumbList\",\"@id\":\"https:\/\/genevaboats.com\/fr\/croisieres-privees\/#breadcrumb\",\"itemListElement\":[{\"@type\":\"ListItem\",\"position\":1,\"name\":\"Home\",\"item\":\"https:\/\/genevaboats.com\/fr\/\"},{\"@type\":\"ListItem\",\"position\":2,\"name\":\"Croisi\u00e8res priv\u00e9es\"}]},{\"@type\":\"WebSite\",\"@id\":\"https:\/\/genevaboats.com\/fr\/#website\",\"url\":\"https:\/\/genevaboats.com\/fr\/\",\"name\":\"genevaboats\",\"description\":\"Genevaboats Website\",\"potentialAction\":[{\"@type\":\"SearchAction\",\"target\":{\"@type\":\"EntryPoint\",\"urlTemplate\":\"https:\/\/genevaboats.com\/fr\/?s={search_term_string}\"},\"query-input\":{\"@type\":\"PropertyValueSpecification\",\"valueRequired\":true,\"valueName\":\"search_term_string\"}}],\"inLanguage\":\"fr-FR\"}]}<\/script>\n<!-- \/ Yoast SEO plugin. -->","yoast_head_json":{"title":"Croisi\u00e8re sur le Lac L\u00e9man - Croisi\u00e8re priv\u00e9e | Genevaboats","description":"Rent a boat and go to discover the Lake Geneva. Choose a destination like Yvoire and his castle, the Lavaux with the beautiful Wineyard, have a stop in the restaurant by the lake or get ready for the summer fireworks.","robots":{"index":"index","follow":"follow","max-snippet":"max-snippet:-1","max-image-preview":"max-image-preview:large","max-video-preview":"max-video-preview:-1"},"canonical":"https:\/\/genevaboats.com\/fr\/croisieres-privees\/","og_locale":"fr_FR","og_type":"article","og_title":"Croisi\u00e8re sur le Lac L\u00e9man - Croisi\u00e8re priv\u00e9e | Genevaboats","og_description":"Rent a boat and go to discover the Lake Geneva. Choose a destination like Yvoire and his castle, the Lavaux with the beautiful Wineyard, have a stop in the restaurant by the lake or get ready for the summer fireworks.","og_url":"https:\/\/genevaboats.com\/fr\/croisieres-privees\/","og_site_name":"genevaboats","article_publisher":"https:\/\/www.facebook.com\/genevaboats","article_modified_time":"2024-09-11T10:08:56+00:00","twitter_card":"summary_large_image","schema":{"@context":"https:\/\/schema.org","@graph":[{"@type":"WebPage","@id":"https:\/\/genevaboats.com\/fr\/croisieres-privees\/","url":"https:\/\/genevaboats.com\/fr\/croisieres-privees\/","name":"Croisi\u00e8re sur le Lac L\u00e9man - Croisi\u00e8re priv\u00e9e | Genevaboats","isPartOf":{"@id":"https:\/\/genevaboats.com\/fr\/#website"},"datePublished":"2019-08-08T11:18:56+00:00","dateModified":"2024-09-11T10:08:56+00:00","description":"Rent a boat and go to discover the Lake Geneva. Choose a destination like Yvoire and his castle, the Lavaux with the beautiful Wineyard, have a stop in the restaurant by the lake or get ready for the summer fireworks.","breadcrumb":{"@id":"https:\/\/genevaboats.com\/fr\/croisieres-privees\/#breadcrumb"},"inLanguage":"fr-FR","potentialAction":[{"@type":"ReadAction","target":["https:\/\/genevaboats.com\/fr\/croisieres-privees\/"]}]},{"@type":"BreadcrumbList","@id":"https:\/\/genevaboats.com\/fr\/croisieres-privees\/#breadcrumb","itemListElement":[{"@type":"ListItem","position":1,"name":"Home","item":"https:\/\/genevaboats.com\/fr\/"},{"@type":"ListItem","position":2,"name":"Croisi\u00e8res priv\u00e9es"}]},{"@type":"WebSite","@id":"https:\/\/genevaboats.com\/fr\/#website","url":"https:\/\/genevaboats.com\/fr\/","name":"genevaboats","description":"Genevaboats Website","potentialAction":[{"@type":"SearchAction","target":{"@type":"EntryPoint","urlTemplate":"https:\/\/genevaboats.com\/fr\/?s={search_term_string}"},"query-input":{"@type":"PropertyValueSpecification","valueRequired":true,"valueName":"search_term_string"}}],"inLanguage":"fr-FR"}]}},"_links":{"self":[{"href":"https:\/\/genevaboats.com\/fr\/wp-json\/wp\/v2\/pages\/3439","targetHints":{"allow":["GET"]}}],"collection":[{"href":"https:\/\/genevaboats.com\/fr\/wp-json\/wp\/v2\/pages"}],"about":[{"href":"https:\/\/genevaboats.com\/fr\/wp-json\/wp\/v2\/types\/page"}],"author":[{"embeddable":true,"href":"https:\/\/genevaboats.com\/fr\/wp-json\/wp\/v2\/users\/1"}],"replies":[{"embeddable":true,"href":"https:\/\/genevaboats.com\/fr\/wp-json\/wp\/v2\/comments?post=3439"}],"version-history":[{"count":1,"href":"https:\/\/genevaboats.com\/fr\/wp-json\/wp\/v2\/pages\/3439\/revisions"}],"predecessor-version":[{"id":3442,"href":"https:\/\/genevaboats.com\/fr\/wp-json\/wp\/v2\/pages\/3439\/revisions\/3442"}],"wp:attachment":[{"href":"https:\/\/genevaboats.com\/fr\/wp-json\/wp\/v2\/media?parent=3439"}],"curies":[{"name":"wp","href":"https:\/\/api.w.org\/{rel}","templated":true}]}}