{"id":754,"date":"2019-08-05T19:44:46","date_gmt":"2019-08-05T19:44:46","guid":{"rendered":"https:\/\/genevaboats.com\/?page_id=754"},"modified":"2025-10-13T13:36:34","modified_gmt":"2025-10-13T13:36:34","slug":"accueil","status":"publish","type":"page","link":"https:\/\/genevaboats.com\/fr\/","title":{"rendered":"Vente et location de bateau \u00e0 Gen\u00e8ve"},"content":{"rendered":"<p>Genevaboats propose la vente et la location de bateau sur le Lac Leman, avec une large gamme de bateaux \u00e0 louer, avec ou sans pilote\/skipper, et \u00e0 vendre, avec ou sans amarrage. Sur le lac de Gen\u00e8ve, o\u00f9 nous vendons de nombreuses marques de bateaux, parmi lesquelles Alen Yacht, Azimut, Beneteau, Cobalt, Grand Soleil Yacht, Malibu, Pardo, Princess, Riva, Saxdor and Wally.<\/p>\n<p>Toute l\u2019ann\u00e9e, t\u00e9l\u00e9phonez-nous, et r\u00e9servez un bateau pour aller prendre un bain de soleil, nager, p\u00eacher, faire du ski nautique, du wakeboard, du wakesurf, de la bou\u00e9e tract\u00e9e, de la voile, ou pour une belle croisi\u00e8re sur le lac, que ce soit pour affaires, une lune de miel, une croisi\u00e8re romantique, un enterrement de vie de gar\u00e7on ou de fille, ou simplement entre amis, en famille, ou une sortie afterwork, du lever au coucher du soleil, jusqu&rsquo;au clair de lune.<\/p>\n<p>Vous monterez \u00e0 bord avec vos invit\u00e9s depuis n\u2019importe quel embarcad\u00e8re entre Gen\u00e8ve, Lausanne, ou Montreux, rive droite ou rive gauche du lac, sur un bateau confortable et s\u00fbr.<\/p>\n<p>les enfants et les jeunes sont les bienvenus.<\/p>\n<p>Toutes les locations de bateaux peuvent \u00eatre combin\u00e9es avec un d\u00e9jeuner ou un d\u00eener dans des restaurants au bord du lac, sur la c\u00f4te suisse ou fran\u00e7aise.<\/p>\n<p>Des picnics, repas, et boissons peuvent \u00e9galement \u00eatre livr\u00e9s au bateau. pour les f\u00eates d\u2019anniversaire d\u2019enfants, si vous le souhaitez, nous proposons des clowns et des animateurs. et m\u00eame des musiciens pour les adultes.<\/p>\n<p>Notre offre comprend une large gamme de bateaux et de yachts, jusqu\u2019\u00e0 un maximum de 100 passagers. deux enfants de moins de douze ans comptent pour un adulte.<\/p>\n<p>Nous fournissons tout le mat\u00e9riel de sport et de p\u00eache sans frais suppl\u00e9mentaires. tous nos prix s\u2019entendent pour le bateau, quel que soit le nombre de passagers. les prix standards incluent les taxes, le carburant, des boissons gazeuses, le pilote\/skipper, le coach de sports nautiques, le guide de p\u00eache, et la stewardesse si n\u00e9cessaire sur les grands bateaux.<\/p>\n","protected":false},"excerpt":{"rendered":"<p>Genevaboats propose la vente et la location de bateau sur le Lac Leman, avec une large gamme de bateaux \u00e0 louer, avec ou sans pilote\/skipper, et \u00e0 vendre, avec ou sans amarrage. Sur le lac de Gen\u00e8ve, o\u00f9 nous vendons de nombreuses marques de bateaux, parmi lesquelles Alen Yacht, Azimut, Beneteau, Cobalt, Grand Soleil Yacht, [&hellip;]<\/p>\n","protected":false},"author":1,"featured_media":0,"parent":0,"menu_order":33,"comment_status":"closed","ping_status":"closed","template":"template-t-home.php","meta":{"_acf_changed":false,"footnotes":""},"class_list":["post-754","page","type-page","status-publish","hentry"],"acf":[],"yoast_head":"<!-- This site is optimized with the Yoast SEO plugin v26.1.1 - https:\/\/yoast.com\/wordpress\/plugins\/seo\/ -->\n<title>Vente et location de bateau \u00e0 Gen\u00e8ve | Genevaboats<\/title>\n<meta name=\"description\" content=\"Vente et location de bateaux sur le Lac L\u00e9man au d\u00e9part de Gen\u00e8ve, Lausanne ou Montreux. Large choix de bateaux \u00e0 moteurs, voiliers et yachts \u00e0 louer ou \u00e0 vendre avec place d\u2019amarrage.\" \/>\n<meta name=\"robots\" content=\"index, follow, max-snippet:-1, max-image-preview:large, max-video-preview:-1\" \/>\n<link rel=\"canonical\" href=\"https:\/\/genevaboats.com\/fr\/\" \/>\n<meta property=\"og:locale\" content=\"fr_FR\" \/>\n<meta property=\"og:type\" content=\"article\" \/>\n<meta property=\"og:title\" content=\"Vente et location de bateau \u00e0 Gen\u00e8ve | Genevaboats\" \/>\n<meta property=\"og:description\" content=\"Vente et location de bateaux sur le Lac L\u00e9man au d\u00e9part de Gen\u00e8ve, Lausanne ou Montreux. Large choix de bateaux \u00e0 moteurs, voiliers et yachts \u00e0 louer ou \u00e0 vendre avec place d\u2019amarrage.\" \/>\n<meta property=\"og:url\" content=\"https:\/\/genevaboats.com\/fr\/\" \/>\n<meta property=\"og:site_name\" content=\"genevaboats\" \/>\n<meta property=\"article:publisher\" content=\"https:\/\/www.facebook.com\/genevaboats\" \/>\n<meta property=\"article:modified_time\" content=\"2025-10-13T13:36:34+00:00\" \/>\n<meta name=\"twitter:card\" content=\"summary_large_image\" \/>\n<meta name=\"twitter:label1\" content=\"Dur\u00e9e de lecture estim\u00e9e\" \/>\n\t<meta name=\"twitter:data1\" content=\"2 minutes\" \/>\n<script type=\"application\/ld+json\" class=\"yoast-schema-graph\">{\"@context\":\"https:\/\/schema.org\",\"@graph\":[{\"@type\":\"WebPage\",\"@id\":\"https:\/\/genevaboats.com\/fr\/\",\"url\":\"https:\/\/genevaboats.com\/fr\/\",\"name\":\"Vente et location de bateau \u00e0 Gen\u00e8ve | Genevaboats\",\"isPartOf\":{\"@id\":\"https:\/\/genevaboats.com\/fr\/#website\"},\"datePublished\":\"2019-08-05T19:44:46+00:00\",\"dateModified\":\"2025-10-13T13:36:34+00:00\",\"description\":\"Vente et location de bateaux sur le Lac L\u00e9man au d\u00e9part de Gen\u00e8ve, Lausanne ou Montreux. Large choix de bateaux \u00e0 moteurs, voiliers et yachts \u00e0 louer ou \u00e0 vendre avec place d\u2019amarrage.\",\"breadcrumb\":{\"@id\":\"https:\/\/genevaboats.com\/fr\/#breadcrumb\"},\"inLanguage\":\"fr-FR\",\"potentialAction\":[{\"@type\":\"ReadAction\",\"target\":[\"https:\/\/genevaboats.com\/fr\/\"]}]},{\"@type\":\"BreadcrumbList\",\"@id\":\"https:\/\/genevaboats.com\/fr\/#breadcrumb\",\"itemListElement\":[{\"@type\":\"ListItem\",\"position\":1,\"name\":\"Home\",\"item\":\"https:\/\/genevaboats.com\/fr\/\"},{\"@type\":\"ListItem\",\"position\":2,\"name\":\"Vente et location de bateau \u00e0 Gen\u00e8ve\"}]},{\"@type\":\"WebSite\",\"@id\":\"https:\/\/genevaboats.com\/fr\/#website\",\"url\":\"https:\/\/genevaboats.com\/fr\/\",\"name\":\"genevaboats\",\"description\":\"Genevaboats Website\",\"potentialAction\":[{\"@type\":\"SearchAction\",\"target\":{\"@type\":\"EntryPoint\",\"urlTemplate\":\"https:\/\/genevaboats.com\/fr\/?s={search_term_string}\"},\"query-input\":{\"@type\":\"PropertyValueSpecification\",\"valueRequired\":true,\"valueName\":\"search_term_string\"}}],\"inLanguage\":\"fr-FR\"}]}<\/script>\n<!-- \/ Yoast SEO plugin. -->","yoast_head_json":{"title":"Vente et location de bateau \u00e0 Gen\u00e8ve | Genevaboats","description":"Vente et location de bateaux sur le Lac L\u00e9man au d\u00e9part de Gen\u00e8ve, Lausanne ou Montreux. Large choix de bateaux \u00e0 moteurs, voiliers et yachts \u00e0 louer ou \u00e0 vendre avec place d\u2019amarrage.","robots":{"index":"index","follow":"follow","max-snippet":"max-snippet:-1","max-image-preview":"max-image-preview:large","max-video-preview":"max-video-preview:-1"},"canonical":"https:\/\/genevaboats.com\/fr\/","og_locale":"fr_FR","og_type":"article","og_title":"Vente et location de bateau \u00e0 Gen\u00e8ve | Genevaboats","og_description":"Vente et location de bateaux sur le Lac L\u00e9man au d\u00e9part de Gen\u00e8ve, Lausanne ou Montreux. Large choix de bateaux \u00e0 moteurs, voiliers et yachts \u00e0 louer ou \u00e0 vendre avec place d\u2019amarrage.","og_url":"https:\/\/genevaboats.com\/fr\/","og_site_name":"genevaboats","article_publisher":"https:\/\/www.facebook.com\/genevaboats","article_modified_time":"2025-10-13T13:36:34+00:00","twitter_card":"summary_large_image","twitter_misc":{"Dur\u00e9e de lecture estim\u00e9e":"2 minutes"},"schema":{"@context":"https:\/\/schema.org","@graph":[{"@type":"WebPage","@id":"https:\/\/genevaboats.com\/fr\/","url":"https:\/\/genevaboats.com\/fr\/","name":"Vente et location de bateau \u00e0 Gen\u00e8ve | Genevaboats","isPartOf":{"@id":"https:\/\/genevaboats.com\/fr\/#website"},"datePublished":"2019-08-05T19:44:46+00:00","dateModified":"2025-10-13T13:36:34+00:00","description":"Vente et location de bateaux sur le Lac L\u00e9man au d\u00e9part de Gen\u00e8ve, Lausanne ou Montreux. Large choix de bateaux \u00e0 moteurs, voiliers et yachts \u00e0 louer ou \u00e0 vendre avec place d\u2019amarrage.","breadcrumb":{"@id":"https:\/\/genevaboats.com\/fr\/#breadcrumb"},"inLanguage":"fr-FR","potentialAction":[{"@type":"ReadAction","target":["https:\/\/genevaboats.com\/fr\/"]}]},{"@type":"BreadcrumbList","@id":"https:\/\/genevaboats.com\/fr\/#breadcrumb","itemListElement":[{"@type":"ListItem","position":1,"name":"Home","item":"https:\/\/genevaboats.com\/fr\/"},{"@type":"ListItem","position":2,"name":"Vente et location de bateau \u00e0 Gen\u00e8ve"}]},{"@type":"WebSite","@id":"https:\/\/genevaboats.com\/fr\/#website","url":"https:\/\/genevaboats.com\/fr\/","name":"genevaboats","description":"Genevaboats Website","potentialAction":[{"@type":"SearchAction","target":{"@type":"EntryPoint","urlTemplate":"https:\/\/genevaboats.com\/fr\/?s={search_term_string}"},"query-input":{"@type":"PropertyValueSpecification","valueRequired":true,"valueName":"search_term_string"}}],"inLanguage":"fr-FR"}]}},"_links":{"self":[{"href":"https:\/\/genevaboats.com\/fr\/wp-json\/wp\/v2\/pages\/754","targetHints":{"allow":["GET"]}}],"collection":[{"href":"https:\/\/genevaboats.com\/fr\/wp-json\/wp\/v2\/pages"}],"about":[{"href":"https:\/\/genevaboats.com\/fr\/wp-json\/wp\/v2\/types\/page"}],"author":[{"embeddable":true,"href":"https:\/\/genevaboats.com\/fr\/wp-json\/wp\/v2\/users\/1"}],"replies":[{"embeddable":true,"href":"https:\/\/genevaboats.com\/fr\/wp-json\/wp\/v2\/comments?post=754"}],"version-history":[{"count":94,"href":"https:\/\/genevaboats.com\/fr\/wp-json\/wp\/v2\/pages\/754\/revisions"}],"predecessor-version":[{"id":4160,"href":"https:\/\/genevaboats.com\/fr\/wp-json\/wp\/v2\/pages\/754\/revisions\/4160"}],"wp:attachment":[{"href":"https:\/\/genevaboats.com\/fr\/wp-json\/wp\/v2\/media?parent=754"}],"curies":[{"name":"wp","href":"https:\/\/api.w.org\/{rel}","templated":true}]}}