{"id":879,"date":"2019-11-08T17:20:39","date_gmt":"2019-11-08T17:20:39","guid":{"rendered":"https:\/\/genevaboats.com\/boat-sales\/"},"modified":"2025-04-22T10:18:59","modified_gmt":"2025-04-22T10:18:59","slug":"vente-bateau","status":"publish","type":"page","link":"https:\/\/genevaboats.com\/fr\/vente-bateau\/","title":{"rendered":"Bateaux \u00e0 vendre \u00e0 Gen\u00e8ve"},"content":{"rendered":"<p>Genevaboats est un des leaders dans la vente de bateaux sur le lac L\u00e9man, proposant le plus vaste choix de grandes marques de bateaux, dans tous les genres, qu\u2019il s\u2019agisse de bateaux \u00e0 moteur pour la croisi\u00e8re lacustre, de bateaux pour les sports nautiques, de bateaux pour la p\u00eache, de bateaux \u00e0 moteur en bois pr\u00e9cieux, avec moteurs in-board, ou hors-bord, en propulsion diesel, essence, ou \u00e9lectrique. Mais aussi des bateaux pour la grande vitesse, des yachts de 14 \u00e0 24 m\u00e8tres, ou encore des voiliers, des plus petits aux plus grands.<\/p>\n<p>Depuis nos d\u00e9buts en 2005, nous avons \u00e9tabli une r\u00e9putation pour notre s\u00e9rieux et notre disponibilit\u00e9, ainsi que pour la qualit\u00e9 de nos conseils avant l\u2019achat d\u2019un bateau, ce qui est tr\u00e8s important pour faire un bon choix de mod\u00e8le, en fonction de l\u2019usage que chaque client voudra en faire.<\/p>\n<p>Genevaboats offre aussi toute la gamme des services nautiques, afin de simplifier l\u2019usage des bateaux, notamment tous les travaux d\u2019entretien, de m\u00e9canique, de fourniture d\u2019\u00e9quipements, de services marina, d\u2019hivernage, ainsi que de conseil en assurances, et en leasing.<\/p>\n<p>Genevaboats s\u2019occupe encore de rechercher, fournir, ou louer, des places d\u2019amarrage pour ses clients ayant achet\u00e9 un bateau ou un yacht.<\/p>\n<p>Et nos services vont plus loin, puisque nous pouvons aussi mettre \u00e0 la disposition des clients des pilotes \/ skippers, \u00e0 la journ\u00e9e, ou \u00e0 l\u2019ann\u00e9e. Nos excellents jeunes pilotes et skippers parlent plusieurs langues, et ont une parfaite connaissance des lacs suisses et de toutes les activit\u00e9s de loisir ou de sports nautiques que l\u2019on peut y pratiquer, notamment le wakeboard et le wake-surf.<\/p>\n<p>Genevaboats propose aussi la liste des meilleurs restaurants des bords de lacs o\u00f9 se rendre en bateau pour d\u00e9jeuner ou diner, avec une table r\u00e9serv\u00e9e, ou encore sugg\u00e8re les meilleurs endroits pour aller se baigner ou p\u00eacher.<\/p>\n","protected":false},"excerpt":{"rendered":"<p>Genevaboats est un des leaders dans la vente de bateaux sur le lac L\u00e9man, proposant le plus vaste choix de grandes marques de bateaux, dans tous les genres, qu\u2019il s\u2019agisse de bateaux \u00e0 moteur pour la croisi\u00e8re lacustre, de bateaux pour les sports nautiques, de bateaux pour la p\u00eache, de bateaux \u00e0 moteur en bois [&hellip;]<\/p>\n","protected":false},"author":1,"featured_media":0,"parent":0,"menu_order":15,"comment_status":"closed","ping_status":"closed","template":"template-t-sales.php","meta":{"_acf_changed":false,"footnotes":""},"class_list":["post-879","page","type-page","status-publish","hentry"],"acf":[],"yoast_head":"<!-- This site is optimized with the Yoast SEO plugin v26.1.1 - https:\/\/yoast.com\/wordpress\/plugins\/seo\/ -->\n<title>Bateaux \u00e0 vendre \u00e0 Gen\u00e8ve | Lac Leman | Genevaboats<\/title>\n<meta name=\"description\" content=\"Bateaux et yacht \u00e0 vendre sur le lac L\u00e9man et en Suisse. Places d\u2019amarrages \u00e0 disposition. Conseil en achat de bateaux neufs et occasions. Solution d\u2019hivernage et entretien. Repr\u00e9sentation des marques Riva, Azimut, Cobalt, Pardo, B\u00e9n\u00e9teau, Malibu, Greenline, Grand Soleil et Saxdor.\" \/>\n<meta name=\"robots\" content=\"index, follow, max-snippet:-1, max-image-preview:large, max-video-preview:-1\" \/>\n<link rel=\"canonical\" href=\"https:\/\/genevaboats.com\/fr\/vente-bateau\/\" \/>\n<meta property=\"og:locale\" content=\"fr_FR\" \/>\n<meta property=\"og:type\" content=\"article\" \/>\n<meta property=\"og:title\" content=\"Bateaux \u00e0 vendre \u00e0 Gen\u00e8ve | Lac Leman | Genevaboats\" \/>\n<meta property=\"og:description\" content=\"Bateaux et yacht \u00e0 vendre sur le lac L\u00e9man et en Suisse. Places d\u2019amarrages \u00e0 disposition. Conseil en achat de bateaux neufs et occasions. Solution d\u2019hivernage et entretien. Repr\u00e9sentation des marques Riva, Azimut, Cobalt, Pardo, B\u00e9n\u00e9teau, Malibu, Greenline, Grand Soleil et Saxdor.\" \/>\n<meta property=\"og:url\" content=\"https:\/\/genevaboats.com\/fr\/vente-bateau\/\" \/>\n<meta property=\"og:site_name\" content=\"genevaboats\" \/>\n<meta property=\"article:publisher\" content=\"https:\/\/www.facebook.com\/genevaboats\" \/>\n<meta property=\"article:modified_time\" content=\"2025-04-22T10:18:59+00:00\" \/>\n<meta name=\"twitter:card\" content=\"summary_large_image\" \/>\n<meta name=\"twitter:label1\" content=\"Dur\u00e9e de lecture estim\u00e9e\" \/>\n\t<meta name=\"twitter:data1\" content=\"2 minutes\" \/>\n<script type=\"application\/ld+json\" class=\"yoast-schema-graph\">{\"@context\":\"https:\/\/schema.org\",\"@graph\":[{\"@type\":\"WebPage\",\"@id\":\"https:\/\/genevaboats.com\/fr\/vente-bateau\/\",\"url\":\"https:\/\/genevaboats.com\/fr\/vente-bateau\/\",\"name\":\"Bateaux \u00e0 vendre \u00e0 Gen\u00e8ve | Lac Leman | Genevaboats\",\"isPartOf\":{\"@id\":\"https:\/\/genevaboats.com\/fr\/#website\"},\"datePublished\":\"2019-11-08T17:20:39+00:00\",\"dateModified\":\"2025-04-22T10:18:59+00:00\",\"description\":\"Bateaux et yacht \u00e0 vendre sur le lac L\u00e9man et en Suisse. Places d\u2019amarrages \u00e0 disposition. Conseil en achat de bateaux neufs et occasions. Solution d\u2019hivernage et entretien. Repr\u00e9sentation des marques Riva, Azimut, Cobalt, Pardo, B\u00e9n\u00e9teau, Malibu, Greenline, Grand Soleil et Saxdor.\",\"breadcrumb\":{\"@id\":\"https:\/\/genevaboats.com\/fr\/vente-bateau\/#breadcrumb\"},\"inLanguage\":\"fr-FR\",\"potentialAction\":[{\"@type\":\"ReadAction\",\"target\":[\"https:\/\/genevaboats.com\/fr\/vente-bateau\/\"]}]},{\"@type\":\"BreadcrumbList\",\"@id\":\"https:\/\/genevaboats.com\/fr\/vente-bateau\/#breadcrumb\",\"itemListElement\":[{\"@type\":\"ListItem\",\"position\":1,\"name\":\"Home\",\"item\":\"https:\/\/genevaboats.com\/fr\/\"},{\"@type\":\"ListItem\",\"position\":2,\"name\":\"Bateaux \u00e0 vendre \u00e0 Gen\u00e8ve\"}]},{\"@type\":\"WebSite\",\"@id\":\"https:\/\/genevaboats.com\/fr\/#website\",\"url\":\"https:\/\/genevaboats.com\/fr\/\",\"name\":\"genevaboats\",\"description\":\"Genevaboats Website\",\"potentialAction\":[{\"@type\":\"SearchAction\",\"target\":{\"@type\":\"EntryPoint\",\"urlTemplate\":\"https:\/\/genevaboats.com\/fr\/?s={search_term_string}\"},\"query-input\":{\"@type\":\"PropertyValueSpecification\",\"valueRequired\":true,\"valueName\":\"search_term_string\"}}],\"inLanguage\":\"fr-FR\"}]}<\/script>\n<!-- \/ Yoast SEO plugin. -->","yoast_head_json":{"title":"Bateaux \u00e0 vendre \u00e0 Gen\u00e8ve | Lac Leman | Genevaboats","description":"Bateaux et yacht \u00e0 vendre sur le lac L\u00e9man et en Suisse. Places d\u2019amarrages \u00e0 disposition. Conseil en achat de bateaux neufs et occasions. Solution d\u2019hivernage et entretien. Repr\u00e9sentation des marques Riva, Azimut, Cobalt, Pardo, B\u00e9n\u00e9teau, Malibu, Greenline, Grand Soleil et Saxdor.","robots":{"index":"index","follow":"follow","max-snippet":"max-snippet:-1","max-image-preview":"max-image-preview:large","max-video-preview":"max-video-preview:-1"},"canonical":"https:\/\/genevaboats.com\/fr\/vente-bateau\/","og_locale":"fr_FR","og_type":"article","og_title":"Bateaux \u00e0 vendre \u00e0 Gen\u00e8ve | Lac Leman | Genevaboats","og_description":"Bateaux et yacht \u00e0 vendre sur le lac L\u00e9man et en Suisse. Places d\u2019amarrages \u00e0 disposition. Conseil en achat de bateaux neufs et occasions. Solution d\u2019hivernage et entretien. Repr\u00e9sentation des marques Riva, Azimut, Cobalt, Pardo, B\u00e9n\u00e9teau, Malibu, Greenline, Grand Soleil et Saxdor.","og_url":"https:\/\/genevaboats.com\/fr\/vente-bateau\/","og_site_name":"genevaboats","article_publisher":"https:\/\/www.facebook.com\/genevaboats","article_modified_time":"2025-04-22T10:18:59+00:00","twitter_card":"summary_large_image","twitter_misc":{"Dur\u00e9e de lecture estim\u00e9e":"2 minutes"},"schema":{"@context":"https:\/\/schema.org","@graph":[{"@type":"WebPage","@id":"https:\/\/genevaboats.com\/fr\/vente-bateau\/","url":"https:\/\/genevaboats.com\/fr\/vente-bateau\/","name":"Bateaux \u00e0 vendre \u00e0 Gen\u00e8ve | Lac Leman | Genevaboats","isPartOf":{"@id":"https:\/\/genevaboats.com\/fr\/#website"},"datePublished":"2019-11-08T17:20:39+00:00","dateModified":"2025-04-22T10:18:59+00:00","description":"Bateaux et yacht \u00e0 vendre sur le lac L\u00e9man et en Suisse. Places d\u2019amarrages \u00e0 disposition. Conseil en achat de bateaux neufs et occasions. Solution d\u2019hivernage et entretien. Repr\u00e9sentation des marques Riva, Azimut, Cobalt, Pardo, B\u00e9n\u00e9teau, Malibu, Greenline, Grand Soleil et Saxdor.","breadcrumb":{"@id":"https:\/\/genevaboats.com\/fr\/vente-bateau\/#breadcrumb"},"inLanguage":"fr-FR","potentialAction":[{"@type":"ReadAction","target":["https:\/\/genevaboats.com\/fr\/vente-bateau\/"]}]},{"@type":"BreadcrumbList","@id":"https:\/\/genevaboats.com\/fr\/vente-bateau\/#breadcrumb","itemListElement":[{"@type":"ListItem","position":1,"name":"Home","item":"https:\/\/genevaboats.com\/fr\/"},{"@type":"ListItem","position":2,"name":"Bateaux \u00e0 vendre \u00e0 Gen\u00e8ve"}]},{"@type":"WebSite","@id":"https:\/\/genevaboats.com\/fr\/#website","url":"https:\/\/genevaboats.com\/fr\/","name":"genevaboats","description":"Genevaboats Website","potentialAction":[{"@type":"SearchAction","target":{"@type":"EntryPoint","urlTemplate":"https:\/\/genevaboats.com\/fr\/?s={search_term_string}"},"query-input":{"@type":"PropertyValueSpecification","valueRequired":true,"valueName":"search_term_string"}}],"inLanguage":"fr-FR"}]}},"_links":{"self":[{"href":"https:\/\/genevaboats.com\/fr\/wp-json\/wp\/v2\/pages\/879","targetHints":{"allow":["GET"]}}],"collection":[{"href":"https:\/\/genevaboats.com\/fr\/wp-json\/wp\/v2\/pages"}],"about":[{"href":"https:\/\/genevaboats.com\/fr\/wp-json\/wp\/v2\/types\/page"}],"author":[{"embeddable":true,"href":"https:\/\/genevaboats.com\/fr\/wp-json\/wp\/v2\/users\/1"}],"replies":[{"embeddable":true,"href":"https:\/\/genevaboats.com\/fr\/wp-json\/wp\/v2\/comments?post=879"}],"version-history":[{"count":11,"href":"https:\/\/genevaboats.com\/fr\/wp-json\/wp\/v2\/pages\/879\/revisions"}],"predecessor-version":[{"id":3740,"href":"https:\/\/genevaboats.com\/fr\/wp-json\/wp\/v2\/pages\/879\/revisions\/3740"}],"wp:attachment":[{"href":"https:\/\/genevaboats.com\/fr\/wp-json\/wp\/v2\/media?parent=879"}],"curies":[{"name":"wp","href":"https:\/\/api.w.org\/{rel}","templated":true}]}}