{"id":884,"date":"2019-11-11T11:24:09","date_gmt":"2019-11-11T11:24:09","guid":{"rendered":"https:\/\/genevaboats.com\/?page_id=884"},"modified":"2021-05-20T08:38:00","modified_gmt":"2021-05-20T08:38:00","slug":"bateaux-location-geneve","status":"publish","type":"page","link":"https:\/\/genevaboats.com\/fr\/bateaux-location-geneve\/","title":{"rendered":"Location de bateau Lac L\u00e9man"},"content":{"rendered":"<p>Vous avez envie de vous divertir le temps de quelques heures ou d\u2019une journ\u00e9e enti\u00e8re en profitant du Lac L\u00e9man? Vous voulez vivre une exp\u00e9rience unique \u00e0 Gen\u00e8ve? Vous \u00eates tomb\u00e9 au bon endroit. Genevaboats vous propose un service de location de bateau sur le Lac L\u00e9man, pouvant vous emmener \u00e0 Gen\u00e8ve, \u00e0 Lausanne, \u00e0 Montreux, \u00e0 Yvoire et \u00e0 Evian, ou ailleurs sur le lac si cela vous enchante, au gr\u00e9 de vos envies.<\/p>\n<p><!--more--><\/p>\n<p>Genevaboats propose un service personnalis\u00e9 \u00e0 ses clients. Ce service personnalis\u00e9, garanti aux clients, permet de distinguer Genevaboats et en fait une r\u00e9f\u00e9rence de service de location de bateau sur le Lac L\u00e9man.<\/p>\n<h2>Toutes les activit\u00e9s nautiques sur le Lac L\u00e9man<\/h2>\n<p>Genevaboats poss\u00e8de une flotte de bateaux vari\u00e9e sur le lac. En plus de r\u00e9pondre \u00e0 toutes vos envies, nous vous proposons un large \u00e9ventail de bateaux de haute gamme pour que votre exp\u00e9rience sur le Lac L\u00e9man soit des plus inoubliables. Faire un tour du Lac L\u00e9man en bateau avec Genevaboats permet de profiter de diverses activit\u00e9s de loisirs sur le Lac L\u00e9man. Que vous pr\u00e9f\u00e9riez faire un tour en bateau moteur, sur un voilier, sur un yacht ou encore un bateau de p\u00eache, Genevaboats vous l\u2019offre.<\/p>\n<p>Vous avez un d\u00e9sir sportif? Genevaboats a des bateaux pour vous offrir des sorties en <a href=\"https:\/\/genevaboats.com\/fr\/watersport\/wakeboard-wakesurf\/\">wakeboard, en wakesurf<\/a> et pour le <a href=\"https:\/\/genevaboats.com\/fr\/watersport\/waterski\/\">ski nautique<\/a>. Vous voulez vous amuser sans vous mettre sur une planche? Nous pouvons faire des sorties en bou\u00e9e pour le bonheur de tous ou encore, simplement une sortie pour que vous puissiez nager dans le lac \u00e0 l\u2019abri de la foule ou faire un tour du Lac L\u00e9man pour profiter de la nature avoisinante.<\/p>\n<p>Vous \u00eates au contraire plus dans un esprit de d\u00e9tente? Nous pouvons vous emmener pour faire <a href=\"https:\/\/genevaboats.com\/fr\/croisieres-privees\/\">une croisi\u00e8re sur le lac L\u00e9man<\/a> pour explorer diff\u00e9rentes r\u00e9gions en Suisse, \u00e0 Gen\u00e8ve, \u00e0 Montreux, \u00e0 Vevey, \u00e0 Lausanne ou en France, \u00e0 Yvoire et Evian. Vous voulez vous arr\u00eater pour d\u00e9jeuner au restaurant? Nous pourrons vous conseiller et s\u2019occuper des r\u00e9servations.<\/p>\n<p>Vous avez envie d&rsquo;exp\u00e9rimenter un autre aspect du L\u00e9man? Nous pouvons faire des sorties de p\u00eache afin que vous exp\u00e9rimentiez une activit\u00e9 unique durant laquelle vous aurez la chance de p\u00eacher une perche, une f\u00e9ra ou un brochet.<\/p>\n<p>Au del\u00e0 des activit\u00e9s qui peuvent \u00eatre faite au quotidien, Genevaboats peut vous faire vivre une <a href=\"https:\/\/genevaboats.com\/fr\/cruises\/fireworks\/\">croisi\u00e8re feux d\u2019artifice<\/a> d\u2019une toute autre mani\u00e8re, depuis le lac. Les bateaux seront positionn\u00e9s sur le lac L\u00e9man \u00e0 des endroits strat\u00e9giques afin que la vue vous permette de vivre la magie du moment.<\/p>\n<h3>Un tour du Lac L\u00e9man avec ou sans skipper<\/h3>\n<p>Toutes les activit\u00e9s propos\u00e9es sur le Lac L\u00e9man par Genevaboats sont garanties avec un capitaine de bateau qui s\u2019occupera de tout afin que votre seule responsabilit\u00e9 soit de profiter pleinement de l\u2019exp\u00e9rience. Vous \u00eates d\u2019humeur plus ind\u00e9pendante et avez le permis bateau? Nous pouvons \u00e9galement vous louer nos bateaux sans capitaine.<\/p>\n<p>Vous voulez profiter du lac de fa\u00e7on simple et inoubliable? Ne cherchez pas plus loin. Genevaboats vous louera ses bateaux gr\u00e2ce \u00e0 un simple appel ou courriel.<\/p>\n","protected":false},"excerpt":{"rendered":"<p>Vous avez envie de vous divertir le temps de quelques heures ou d\u2019une journ\u00e9e enti\u00e8re en profitant du Lac L\u00e9man? Vous voulez vivre une exp\u00e9rience unique \u00e0 Gen\u00e8ve? Vous \u00eates tomb\u00e9 au bon endroit. Genevaboats vous propose un service de location de bateau sur le Lac L\u00e9man, pouvant vous emmener \u00e0 Gen\u00e8ve, \u00e0 Lausanne, \u00e0 [&hellip;]<\/p>\n","protected":false},"author":1,"featured_media":0,"parent":0,"menu_order":20,"comment_status":"closed","ping_status":"closed","template":"template-t-rentals.php","meta":{"_acf_changed":false,"footnotes":""},"class_list":["post-884","page","type-page","status-publish","hentry"],"acf":[],"yoast_head":"<!-- This site is optimized with the Yoast SEO plugin v26.1.1 - https:\/\/yoast.com\/wordpress\/plugins\/seo\/ -->\n<title>Location de bateau sur le Lac L\u00e9man | Lac Leman | Genevaboats<\/title>\n<meta name=\"description\" content=\"Location de bateaux, yachts et voiliers sur le lac L\u00e9man en Suisse au d\u00e9part de Gen\u00e8ve, Lausanne, Montreux ou Yvoire, avec ou sans capitaine.\" \/>\n<meta name=\"robots\" content=\"index, follow, max-snippet:-1, max-image-preview:large, max-video-preview:-1\" \/>\n<link rel=\"canonical\" href=\"https:\/\/genevaboats.com\/fr\/bateaux-location-geneve\/\" \/>\n<meta property=\"og:locale\" content=\"fr_FR\" \/>\n<meta property=\"og:type\" content=\"article\" \/>\n<meta property=\"og:title\" content=\"Location de bateau sur le Lac L\u00e9man | Lac Leman | Genevaboats\" \/>\n<meta property=\"og:description\" content=\"Location de bateaux, yachts et voiliers sur le lac L\u00e9man en Suisse au d\u00e9part de Gen\u00e8ve, Lausanne, Montreux ou Yvoire, avec ou sans capitaine.\" \/>\n<meta property=\"og:url\" content=\"https:\/\/genevaboats.com\/fr\/bateaux-location-geneve\/\" \/>\n<meta property=\"og:site_name\" content=\"genevaboats\" \/>\n<meta property=\"article:publisher\" content=\"https:\/\/www.facebook.com\/genevaboats\" \/>\n<meta property=\"article:modified_time\" content=\"2021-05-20T08:38:00+00:00\" \/>\n<meta name=\"twitter:card\" content=\"summary_large_image\" \/>\n<meta name=\"twitter:label1\" content=\"Dur\u00e9e de lecture estim\u00e9e\" \/>\n\t<meta name=\"twitter:data1\" content=\"3 minutes\" \/>\n<script type=\"application\/ld+json\" class=\"yoast-schema-graph\">{\"@context\":\"https:\/\/schema.org\",\"@graph\":[{\"@type\":\"WebPage\",\"@id\":\"https:\/\/genevaboats.com\/fr\/bateaux-location-geneve\/\",\"url\":\"https:\/\/genevaboats.com\/fr\/bateaux-location-geneve\/\",\"name\":\"Location de bateau sur le Lac L\u00e9man | Lac Leman | Genevaboats\",\"isPartOf\":{\"@id\":\"https:\/\/genevaboats.com\/fr\/#website\"},\"datePublished\":\"2019-11-11T11:24:09+00:00\",\"dateModified\":\"2021-05-20T08:38:00+00:00\",\"description\":\"Location de bateaux, yachts et voiliers sur le lac L\u00e9man en Suisse au d\u00e9part de Gen\u00e8ve, Lausanne, Montreux ou Yvoire, avec ou sans capitaine.\",\"breadcrumb\":{\"@id\":\"https:\/\/genevaboats.com\/fr\/bateaux-location-geneve\/#breadcrumb\"},\"inLanguage\":\"fr-FR\",\"potentialAction\":[{\"@type\":\"ReadAction\",\"target\":[\"https:\/\/genevaboats.com\/fr\/bateaux-location-geneve\/\"]}]},{\"@type\":\"BreadcrumbList\",\"@id\":\"https:\/\/genevaboats.com\/fr\/bateaux-location-geneve\/#breadcrumb\",\"itemListElement\":[{\"@type\":\"ListItem\",\"position\":1,\"name\":\"Home\",\"item\":\"https:\/\/genevaboats.com\/fr\/\"},{\"@type\":\"ListItem\",\"position\":2,\"name\":\"Location de bateau Lac L\u00e9man\"}]},{\"@type\":\"WebSite\",\"@id\":\"https:\/\/genevaboats.com\/fr\/#website\",\"url\":\"https:\/\/genevaboats.com\/fr\/\",\"name\":\"genevaboats\",\"description\":\"Genevaboats Website\",\"potentialAction\":[{\"@type\":\"SearchAction\",\"target\":{\"@type\":\"EntryPoint\",\"urlTemplate\":\"https:\/\/genevaboats.com\/fr\/?s={search_term_string}\"},\"query-input\":{\"@type\":\"PropertyValueSpecification\",\"valueRequired\":true,\"valueName\":\"search_term_string\"}}],\"inLanguage\":\"fr-FR\"}]}<\/script>\n<!-- \/ Yoast SEO plugin. -->","yoast_head_json":{"title":"Location de bateau sur le Lac L\u00e9man | Lac Leman | Genevaboats","description":"Location de bateaux, yachts et voiliers sur le lac L\u00e9man en Suisse au d\u00e9part de Gen\u00e8ve, Lausanne, Montreux ou Yvoire, avec ou sans capitaine.","robots":{"index":"index","follow":"follow","max-snippet":"max-snippet:-1","max-image-preview":"max-image-preview:large","max-video-preview":"max-video-preview:-1"},"canonical":"https:\/\/genevaboats.com\/fr\/bateaux-location-geneve\/","og_locale":"fr_FR","og_type":"article","og_title":"Location de bateau sur le Lac L\u00e9man | Lac Leman | Genevaboats","og_description":"Location de bateaux, yachts et voiliers sur le lac L\u00e9man en Suisse au d\u00e9part de Gen\u00e8ve, Lausanne, Montreux ou Yvoire, avec ou sans capitaine.","og_url":"https:\/\/genevaboats.com\/fr\/bateaux-location-geneve\/","og_site_name":"genevaboats","article_publisher":"https:\/\/www.facebook.com\/genevaboats","article_modified_time":"2021-05-20T08:38:00+00:00","twitter_card":"summary_large_image","twitter_misc":{"Dur\u00e9e de lecture estim\u00e9e":"3 minutes"},"schema":{"@context":"https:\/\/schema.org","@graph":[{"@type":"WebPage","@id":"https:\/\/genevaboats.com\/fr\/bateaux-location-geneve\/","url":"https:\/\/genevaboats.com\/fr\/bateaux-location-geneve\/","name":"Location de bateau sur le Lac L\u00e9man | Lac Leman | Genevaboats","isPartOf":{"@id":"https:\/\/genevaboats.com\/fr\/#website"},"datePublished":"2019-11-11T11:24:09+00:00","dateModified":"2021-05-20T08:38:00+00:00","description":"Location de bateaux, yachts et voiliers sur le lac L\u00e9man en Suisse au d\u00e9part de Gen\u00e8ve, Lausanne, Montreux ou Yvoire, avec ou sans capitaine.","breadcrumb":{"@id":"https:\/\/genevaboats.com\/fr\/bateaux-location-geneve\/#breadcrumb"},"inLanguage":"fr-FR","potentialAction":[{"@type":"ReadAction","target":["https:\/\/genevaboats.com\/fr\/bateaux-location-geneve\/"]}]},{"@type":"BreadcrumbList","@id":"https:\/\/genevaboats.com\/fr\/bateaux-location-geneve\/#breadcrumb","itemListElement":[{"@type":"ListItem","position":1,"name":"Home","item":"https:\/\/genevaboats.com\/fr\/"},{"@type":"ListItem","position":2,"name":"Location de bateau Lac L\u00e9man"}]},{"@type":"WebSite","@id":"https:\/\/genevaboats.com\/fr\/#website","url":"https:\/\/genevaboats.com\/fr\/","name":"genevaboats","description":"Genevaboats Website","potentialAction":[{"@type":"SearchAction","target":{"@type":"EntryPoint","urlTemplate":"https:\/\/genevaboats.com\/fr\/?s={search_term_string}"},"query-input":{"@type":"PropertyValueSpecification","valueRequired":true,"valueName":"search_term_string"}}],"inLanguage":"fr-FR"}]}},"_links":{"self":[{"href":"https:\/\/genevaboats.com\/fr\/wp-json\/wp\/v2\/pages\/884","targetHints":{"allow":["GET"]}}],"collection":[{"href":"https:\/\/genevaboats.com\/fr\/wp-json\/wp\/v2\/pages"}],"about":[{"href":"https:\/\/genevaboats.com\/fr\/wp-json\/wp\/v2\/types\/page"}],"author":[{"embeddable":true,"href":"https:\/\/genevaboats.com\/fr\/wp-json\/wp\/v2\/users\/1"}],"replies":[{"embeddable":true,"href":"https:\/\/genevaboats.com\/fr\/wp-json\/wp\/v2\/comments?post=884"}],"version-history":[{"count":10,"href":"https:\/\/genevaboats.com\/fr\/wp-json\/wp\/v2\/pages\/884\/revisions"}],"predecessor-version":[{"id":1253,"href":"https:\/\/genevaboats.com\/fr\/wp-json\/wp\/v2\/pages\/884\/revisions\/1253"}],"wp:attachment":[{"href":"https:\/\/genevaboats.com\/fr\/wp-json\/wp\/v2\/media?parent=884"}],"curies":[{"name":"wp","href":"https:\/\/api.w.org\/{rel}","templated":true}]}}